{"id":14626,"date":"2026-02-26T04:38:48","date_gmt":"2026-02-26T03:38:48","guid":{"rendered":"https:\/\/rowermax.shop\/ro64\/produkt\/elektryczny-rowerek-biegowy-hp-121e-12\/"},"modified":"2026-02-26T04:38:48","modified_gmt":"2026-02-26T03:38:48","slug":"elektryczny-rowerek-biegowy-hp-121e-12","status":"publish","type":"product","link":"https:\/\/torvaniq.shop\/ro64\/produkt\/elektryczny-rowerek-biegowy-hp-121e-12\/","title":{"rendered":"Elektryczny rowerek biegowy HP 121E 12&#8221;"},"content":{"rendered":"<div style=\"font-family: Arial, sans-serif; line-height: 1.6; color: #333; padding: 20px; clear: both; display: block; width: 100%; float: none; position: static; overflow: hidden;\">\n<div style=\"clear: both; display: block; margin: 10px 0;\">\n<div style=\"clear: both; display: block; margin: 10px 0;\">\n<div style=\"clear: both; display: block; margin: 10px 0;\">\n<h2>Elektryczny rowerek biegowy HP 121E 12&#8221;<\/h2>\n<p style=\"margin: 15px 0; line-height: 1.8; clear: both; display: block; width: 100%; float: none; position: static;\">IML<\/p>\n<p style=\"margin: 15px 0; line-height: 1.8; clear: both; display: block; width: 100%; float: none; position: static;\">#image_996237151 {<\/p>\n<p style=\"margin: 15px 0; line-height: 1.8; clear: both; display: block; width: 100%; float: none; position: static;\">  width: 95%;<\/p>\n<p style=\"margin: 15px 0; line-height: 1.8; clear: both; display: block; width: 100%; float: none; position: static;\">}<\/p>\n<p style=\"margin: 15px 0; line-height: 1.8; clear: both; display: block; width: 100%; float: none; position: static;\">#col-823355687 &gt; .col-inner {<\/p>\n<p style=\"margin: 15px 0; line-height: 1.8; clear: both; display: block; width: 100%; float: none; position: static;\">  padding: 30px 0px 30px 0px;<\/p>\n<p style=\"margin: 15px 0; line-height: 1.8; clear: both; display: block; width: 100%; float: none; position: static;\">  margin: 30px 0px 50px 0px;<\/p>\n<p style=\"margin: 15px 0; line-height: 1.8; clear: both; display: block; width: 100%; float: none; position: static;\">}<\/p>\n<p style=\"margin: 15px 0; line-height: 1.8; clear: both; display: block; width: 100%; float: none; position: static;\">#row-2043835403 &gt; .col &gt; .col-inner {<\/p>\n<p style=\"margin: 15px 0; line-height: 1.8; clear: both; display: block; width: 100%; float: none; position: static;\">  padding: 10px 0px 10px 0px;<\/p>\n<p style=\"margin: 15px 0; line-height: 1.8; clear: both; display: block; width: 100%; float: none; position: static;\">}<\/p>\n<p style=\"margin: 15px 0; line-height: 1.8; clear: both; display: block; width: 100%; float: none; position: static;\">#image_484849521 {<\/p>\n<p style=\"margin: 15px 0; line-height: 1.8; clear: both; display: block; width: 100%; float: none; position: static;\">  width: 100%;<\/p>\n<p style=\"margin: 15px 0; line-height: 1.8; clear: both; display: block; width: 100%; float: none; position: static;\">}<\/p>\n<p style=\"margin: 15px 0; line-height: 1.8; clear: both; display: block; width: 100%; float: none; position: static;\">Jeden rower, dwie mo\u017cliwo\u015bci<\/p>\n<p style=\"margin: 15px 0; line-height: 1.8; clear: both; display: block; width: 100%; float: none; position: static;\">Rowerek elektryczny HP 121E mo\u017ce by\u0107 u\u017cywany jako <b>standardowy rowerek balansuj\u0105cy<\/b> do pierwszej nauki jazdy i utrzymania r\u00f3wnowagi, a nast\u0119pnie po zamontowaniu baterii jako nauka jazdy elektrykiem z nisk\u0105 pr\u0119dko\u015bci\u0105 (5km\/h). Rowerek rozwija si\u0119 razem z dzieckiem \ud83d\ude42 <\/p>\n<p style=\"margin: 15px 0; line-height: 1.8; clear: both; display: block; width: 100%; float: none; position: static;\">#text-800219285 {<\/p>\n<p style=\"margin: 15px 0; line-height: 1.8; clear: both; display: block; width: 100%; float: none; position: static;\">  text-align: center;<\/p>\n<p style=\"margin: 15px 0; line-height: 1.8; clear: both; display: block; width: 100%; float: none; position: static;\">  color: rgb(255, 255, 255);<\/p>\n<p style=\"margin: 15px 0; line-height: 1.8; clear: both; display: block; width: 100%; float: none; position: static;\">}<\/p>\n<p style=\"margin: 15px 0; line-height: 1.8; clear: both; display: block; width: 100%; float: none; position: static;\">#text-800219285 &gt; * {<\/p>\n<p style=\"margin: 15px 0; line-height: 1.8; clear: both; display: block; width: 100%; float: none; position: static;\">  color: rgb(255, 255, 255);<\/p>\n<p style=\"margin: 15px 0; line-height: 1.8; clear: both; display: block; width: 100%; float: none; position: static;\">}<\/p>\n<p style=\"margin: 15px 0; line-height: 1.8; clear: both; display: block; width: 100%; float: none; position: static;\">@media (min-width:850px) {<\/p>\n<p style=\"margin: 15px 0; line-height: 1.8; clear: both; display: block; width: 100%; float: none; position: static;\">  #text-800219285 {<\/p>\n<p style=\"margin: 15px 0; line-height: 1.8; clear: both; display: block; width: 100%; float: none; position: static;\">    text-align: left;<\/p>\n<p style=\"margin: 15px 0; line-height: 1.8; clear: both; display: block; width: 100%; float: none; position: static;\">  }<\/p>\n<p style=\"margin: 15px 0; line-height: 1.8; clear: both; display: block; width: 100%; float: none; position: static;\">}<\/p>\n<p style=\"margin: 15px 0; line-height: 1.8; clear: both; display: block; width: 100%; float: none; position: static;\">#col-943519929 &gt; .col-inner {<\/p>\n<p style=\"margin: 15px 0; line-height: 1.8; clear: both; display: block; width: 100%; float: none; position: static;\">  padding: 15px 15px 15px 15px;<\/p>\n<p style=\"margin: 15px 0; line-height: 1.8; clear: both; display: block; width: 100%; float: none; position: static;\">}<\/p>\n<p style=\"margin: 15px 0; line-height: 1.8; clear: both; display: block; width: 100%; float: none; position: static;\">@media (min-width:550px) {<\/p>\n<p style=\"margin: 15px 0; line-height: 1.8; clear: both; display: block; width: 100%; float: none; position: static;\">  #col-943519929 &gt; .col-inner {<\/p>\n<p style=\"margin: 15px 0; line-height: 1.8; clear: both; display: block; width: 100%; float: none; position: static;\">    padding: 15px 15px 15px 15px;<\/p>\n<p style=\"margin: 15px 0; line-height: 1.8; clear: both; display: block; width: 100%; float: none; position: static;\">  }<\/p>\n<p style=\"margin: 15px 0; line-height: 1.8; clear: both; display: block; width: 100%; float: none; position: static;\">}<\/p>\n<p style=\"margin: 15px 0; line-height: 1.8; clear: both; display: block; width: 100%; float: none; position: static;\">#row-1069170497 &gt; .col &gt; .col-inner {<\/p>\n<p style=\"margin: 15px 0; line-height: 1.8; clear: both; display: block; width: 100%; float: none; position: static;\">  background-color: rgb(0, 0, 0);<\/p>\n<p style=\"margin: 15px 0; line-height: 1.8; clear: both; display: block; width: 100%; float: none; position: static;\">}<\/p>\n<h3 style=\"color: #2c5aa0; font-size: 18px; margin: 30px 0 15px 0; font-weight: bold; clear: both; display: block; width: 100%; float: none; position: static;\">Biegowy rower dla najm\u0142odszych<\/h3>\n<p style=\"margin: 15px 0; line-height: 1.8; clear: both; display: block; width: 100%; float: none; position: static;\">Wersja 12 calowa bieg\u00f3wki przeznaczona jest dla dzieci mi\u0119dzy 3 a 6 rokiem \u017cycia. G\u0142\u00f3wne parametry modelu 121E to: <b>nap\u0119d 200 W<\/b> dzi\u0119ki kt\u00f3remu maksymalna osi\u0105gana pr\u0119dko\u015b\u0107 to 20 km\/h ; <b>bateria litowo-jonowa z mo\u017cliwo\u015bci\u0105 wyjmowania<\/b> o pojemno\u015bci 21V 6Ah pozwalaj\u0105ca na 15 km zasi\u0119gu oraz opony 12 calowe. <\/p>\n<p style=\"margin: 15px 0; line-height: 1.8; clear: both; display: block; width: 100%; float: none; position: static;\">Dla starszych i wi\u0119kszych dzieci w ofercie mamy rowerek z oponami 16 calowymi.<\/p>\n<p style=\"margin: 15px 0; line-height: 1.8; clear: both; display: block; width: 100%; float: none; position: static;\">#text-1025812515 {<\/p>\n<p style=\"margin: 15px 0; line-height: 1.8; clear: both; display: block; width: 100%; float: none; position: static;\">  text-align: center;<\/p>\n<p style=\"margin: 15px 0; line-height: 1.8; clear: both; display: block; width: 100%; float: none; position: static;\">}<\/p>\n<p style=\"margin: 15px 0; line-height: 1.8; clear: both; display: block; width: 100%; float: none; position: static;\">@media (min-width:850px) {<\/p>\n<p style=\"margin: 15px 0; line-height: 1.8; clear: both; display: block; width: 100%; float: none; position: static;\">  #text-1025812515 {<\/p>\n<p style=\"margin: 15px 0; line-height: 1.8; clear: both; display: block; width: 100%; float: none; position: static;\">    text-align: left;<\/p>\n<p style=\"margin: 15px 0; line-height: 1.8; clear: both; display: block; width: 100%; float: none; position: static;\">  }<\/p>\n<p style=\"margin: 15px 0; line-height: 1.8; clear: both; display: block; width: 100%; float: none; position: static;\">}<\/p>\n<p style=\"margin: 15px 0; line-height: 1.8; clear: both; display: block; width: 100%; float: none; position: static;\">#col-711859305 &gt; .col-inner {<\/p>\n<p style=\"margin: 15px 0; line-height: 1.8; clear: both; display: block; width: 100%; float: none; position: static;\">  padding: 15px 15px 15px 15px;<\/p>\n<p style=\"margin: 15px 0; line-height: 1.8; clear: both; display: block; width: 100%; float: none; position: static;\">}<\/p>\n<p style=\"margin: 15px 0; line-height: 1.8; clear: both; display: block; width: 100%; float: none; position: static;\">@media (min-width:550px) {<\/p>\n<p style=\"margin: 15px 0; line-height: 1.8; clear: both; display: block; width: 100%; float: none; position: static;\">  #col-711859305 &gt; .col-inner {<\/p>\n<p style=\"margin: 15px 0; line-height: 1.8; clear: both; display: block; width: 100%; float: none; position: static;\">    padding: 15px 15px 15px 15px;<\/p>\n<p style=\"margin: 15px 0; line-height: 1.8; clear: both; display: block; width: 100%; float: none; position: static;\">  }<\/p>\n<p style=\"margin: 15px 0; line-height: 1.8; clear: both; display: block; width: 100%; float: none; position: static;\">}<\/p>\n<p style=\"margin: 15px 0; line-height: 1.8; clear: both; display: block; width: 100%; float: none; position: static;\">#image_503472648 {<\/p>\n<p style=\"margin: 15px 0; line-height: 1.8; clear: both; display: block; width: 100%; float: none; position: static;\">  width: 100%;<\/p>\n<p style=\"margin: 15px 0; line-height: 1.8; clear: both; display: block; width: 100%; float: none; position: static;\">}<\/p>\n<p style=\"margin: 15px 0; line-height: 1.8; clear: both; display: block; width: 100%; float: none; position: static;\">#row-997898446 &gt; .col &gt; .col-inner {<\/p>\n<p style=\"margin: 15px 0; line-height: 1.8; clear: both; display: block; width: 100%; float: none; position: static;\">  padding: 60px 0px 20px 0px;<\/p>\n<p style=\"margin: 15px 0; line-height: 1.8; clear: both; display: block; width: 100%; float: none; position: static;\">}<\/p>\n<p style=\"margin: 15px 0; line-height: 1.8; clear: both; display: block; width: 100%; float: none; position: static;\">#image_1221660492 {<\/p>\n<p style=\"margin: 15px 0; line-height: 1.8; clear: both; display: block; width: 100%; float: none; position: static;\">  width: 100%;<\/p>\n<p style=\"margin: 15px 0; line-height: 1.8; clear: both; display: block; width: 100%; float: none; position: static;\">}<\/p>\n<p style=\"margin: 15px 0; line-height: 1.8; clear: both; display: block; width: 100%; float: none; position: static;\">Nowoczesny rowerek biegowy pozwoli Twojemu dziecku odkry\u0107 rado\u015b\u0107 p\u0142yn\u0105c\u0105 z jazdy na elektryku. Dzi\u0119ki temu, \u017ce bateria jest wyjmowana, mo\u017ce s\u0142u\u017cy\u0107 dziecku na ka\u017cdym etapie jego dorastania, daj\u0105c pe\u0142ne bezpiecze\u0144stwo z jazdy. <b>Elektryczny rowerek biegowy HP 121E to idealny pomys\u0142 na prezent.<\/b><\/p>\n<p style=\"margin: 15px 0; line-height: 1.8; clear: both; display: block; width: 100%; float: none; position: static;\">#text-3795958738 {<\/p>\n<p style=\"margin: 15px 0; line-height: 1.8; clear: both; display: block; width: 100%; float: none; position: static;\">  text-align: center;<\/p>\n<p style=\"margin: 15px 0; line-height: 1.8; clear: both; display: block; width: 100%; float: none; position: static;\">  color: rgb(255, 255, 255);<\/p>\n<p style=\"margin: 15px 0; line-height: 1.8; clear: both; display: block; width: 100%; float: none; position: static;\">}<\/p>\n<p style=\"margin: 15px 0; line-height: 1.8; clear: both; display: block; width: 100%; float: none; position: static;\">#text-3795958738 &gt; * {<\/p>\n<p style=\"margin: 15px 0; line-height: 1.8; clear: both; display: block; width: 100%; float: none; position: static;\">  color: rgb(255, 255, 255);<\/p>\n<p style=\"margin: 15px 0; line-height: 1.8; clear: both; display: block; width: 100%; float: none; position: static;\">}<\/p>\n<p style=\"margin: 15px 0; line-height: 1.8; clear: both; display: block; width: 100%; float: none; position: static;\">@media (min-width:850px) {<\/p>\n<p style=\"margin: 15px 0; line-height: 1.8; clear: both; display: block; width: 100%; float: none; position: static;\">  #text-3795958738 {<\/p>\n<p style=\"margin: 15px 0; line-height: 1.8; clear: both; display: block; width: 100%; float: none; position: static;\">    text-align: left;<\/p>\n<p style=\"margin: 15px 0; line-height: 1.8; clear: both; display: block; width: 100%; float: none; position: static;\">  }<\/p>\n<p style=\"margin: 15px 0; line-height: 1.8; clear: both; display: block; width: 100%; float: none; position: static;\">}<\/p>\n<p style=\"margin: 15px 0; line-height: 1.8; clear: both; display: block; width: 100%; float: none; position: static;\">#col-72417173 &gt; .col-inner {<\/p>\n<p style=\"margin: 15px 0; line-height: 1.8; clear: both; display: block; width: 100%; float: none; position: static;\">  padding: 15px 15px 15px 15px;<\/p>\n<p style=\"margin: 15px 0; line-height: 1.8; clear: both; display: block; width: 100%; float: none; position: static;\">}<\/p>\n<p style=\"margin: 15px 0; line-height: 1.8; clear: both; display: block; width: 100%; float: none; position: static;\">@media (min-width:550px) {<\/p>\n<p style=\"margin: 15px 0; line-height: 1.8; clear: both; display: block; width: 100%; float: none; position: static;\">  #col-72417173 &gt; .col-inner {<\/p>\n<p style=\"margin: 15px 0; line-height: 1.8; clear: both; display: block; width: 100%; float: none; position: static;\">    padding: 15px 15px 15px 15px;<\/p>\n<p style=\"margin: 15px 0; line-height: 1.8; clear: both; display: block; width: 100%; float: none; position: static;\">  }<\/p>\n<p style=\"margin: 15px 0; line-height: 1.8; clear: both; display: block; width: 100%; float: none; position: static;\">}<\/p>\n<p style=\"margin: 15px 0; line-height: 1.8; clear: both; display: block; width: 100%; float: none; position: static;\">#row-477785061 &gt; .col &gt; .col-inner {<\/p>\n<p style=\"margin: 15px 0; line-height: 1.8; clear: both; display: block; width: 100%; float: none; position: static;\">  background-color: rgb(0, 0, 0);<\/p>\n<p style=\"margin: 15px 0; line-height: 1.8; clear: both; display: block; width: 100%; float: none; position: static;\">}<\/p>\n<p style=\"margin: 15px 0; line-height: 1.8; clear: both; display: block; width: 100%; float: none; position: static;\">#image_582374538 {<\/p>\n<p style=\"margin: 15px 0; line-height: 1.8; clear: both; display: block; width: 100%; float: none; position: static;\">  width: 100%;<\/p>\n<p style=\"margin: 15px 0; line-height: 1.8; clear: both; display: block; width: 100%; float: none; position: static;\">}<\/p>\n<p style=\"margin: 15px 0; line-height: 1.8; clear: both; display: block; width: 100%; float: none; position: static;\">#image_1178979536 {<\/p>\n<p style=\"margin: 15px 0; line-height: 1.8; clear: both; display: block; width: 100%; float: none; position: static;\">  width: 100%;<\/p>\n<p style=\"margin: 15px 0; line-height: 1.8; clear: both; display: block; width: 100%; float: none; position: static;\">}<\/p>\n<p style=\"margin: 15px 0; line-height: 1.8; clear: both; display: block; width: 100%; float: none; position: static;\">#image_1537989869 {<\/p>\n<p style=\"margin: 15px 0; line-height: 1.8; clear: both; display: block; width: 100%; float: none; position: static;\">  width: 100%;<\/p>\n<p style=\"margin: 15px 0; line-height: 1.8; clear: both; display: block; width: 100%; float: none; position: static;\">}<\/p>\n<p style=\"margin: 15px 0; line-height: 1.8; clear: both; display: block; width: 100%; float: none; position: static;\">#image_1012217892 {<\/p>\n<p style=\"margin: 15px 0; line-height: 1.8; clear: both; display: block; width: 100%; float: none; position: static;\">  width: 100%;<\/p>\n<p style=\"margin: 15px 0; line-height: 1.8; clear: both; display: block; width: 100%; float: none; position: static;\">}<\/p>\n<p style=\"margin: 15px 0; line-height: 1.8; clear: both; display: block; width: 100%; float: none; position: static;\">#image_834895631 {<\/p>\n<p style=\"margin: 15px 0; line-height: 1.8; clear: both; display: block; width: 100%; float: none; position: static;\">  width: 100%;<\/p>\n<p style=\"margin: 15px 0; line-height: 1.8; clear: both; display: block; width: 100%; float: none; position: static;\">}<\/p>\n<p style=\"margin: 15px 0; line-height: 1.8; clear: both; display: block; width: 100%; float: none; position: static;\">    #banner-grid-1455879277 .grid-col-1{height: 600px}<\/p>\n<p style=\"margin: 15px 0; line-height: 1.8; clear: both; display: block; width: 100%; float: none; position: static;\">    #banner-grid-1455879277 .grid-col-1-2{height: 300px}<\/p>\n<p style=\"margin: 15px 0; line-height: 1.8; clear: both; display: block; width: 100%; float: none; position: static;\">    #banner-grid-1455879277 .grid-col-1-3{height:200px}<\/p>\n<p style=\"margin: 15px 0; line-height: 1.8; clear: both; display: block; width: 100%; float: none; position: static;\">    #banner-grid-1455879277 .grid-col-2-3{height: 400px}<\/p>\n<p style=\"margin: 15px 0; line-height: 1.8; clear: both; display: block; width: 100%; float: none; position: static;\">    #banner-grid-1455879277 .grid-col-1-4{height: 150px}<\/p>\n<p style=\"margin: 15px 0; line-height: 1.8; clear: both; display: block; width: 100%; float: none; position: static;\">    #banner-grid-1455879277 .grid-col-3-4{height: 450px}<\/p>\n<\/div>\n<\/div>\n<\/div>\n<div style=\"clear: both; display: block; margin: 10px 0;\">\n<div style=\"clear: both; display: block; margin: 10px 0;\">\n<div style=\"clear: both; display: block; margin: 10px 0;\">\n<div  style=\"max-width:800px;max-height:800px\">\n<div style=\"clear: both; display: block; margin: 10px 0;\">\n<div style=\"clear: both; width: 100%; display: block; margin: 20px 0; padding: 0; float: none; position: static; text-align: center;\"><img decoding=\"async\"  src=\"https:\/\/a.allegroimg.com\/original\/11c369\/ced3a7e34b7391cbc861809fe0d9\/Elektryczny-rowerek-biegowy-HP-121E-12\" srcset=\"https:\/\/a.allegroimg.com\/original\/11c369\/ced3a7e34b7391cbc861809fe0d9\/Elektryczny-rowerek-biegowy-HP-121E-12 360w,https:\/\/a.allegroimg.com\/original\/11c369\/ced3a7e34b7391cbc861809fe0d9\/Elektryczny-rowerek-biegowy-HP-121E-12 720w,https:\/\/a.allegroimg.com\/original\/11c369\/ced3a7e34b7391cbc861809fe0d9\/Elektryczny-rowerek-biegowy-HP-121E-12 800w,https:\/\/a.allegroimg.com\/original\/11c369\/ced3a7e34b7391cbc861809fe0d9\/Elektryczny-rowerek-biegowy-HP-121E-12 800w\" sizes=\"100vw\" width=\"800px\" alt=\"Elektryczny rowerek biegowy HP 121E 12''\" style=\"max-width: 100%; height: auto; display: block; margin: 0 auto;\"><\/div>\n<\/div>\n<\/div>\n<\/div>\n<\/div>\n<\/div>\n<div style=\"clear: both; display: block; margin: 10px 0;\">\n<div style=\"clear: both; display: block; margin: 10px 0;\">\n<div style=\"clear: both; display: block; margin: 10px 0;\">\n<p style=\"margin: 15px 0; line-height: 1.8; clear: both; display: block; width: 100%; float: none; position: static;\">HP 121E 12\u201d to elektryczny rowerek balansowy przeznaczony dla najm\u0142odszych dzieci. To prawdziwa rewolucja w tej grupie produkt\u00f3w. Rowerek szczeg\u00f3lnie polecany jest dla dzieci w wieku od 3 do 5-6 lat.<\/p>\n<\/div>\n<\/div>\n<div style=\"clear: both; display: block; margin: 10px 0;\">\n<div style=\"clear: both; display: block; margin: 10px 0;\">\n<div  style=\"max-width:800px;max-height:800px\">\n<div style=\"clear: both; display: block; margin: 10px 0;\">\n<div style=\"clear: both; width: 100%; display: block; margin: 20px 0; padding: 0; float: none; position: static; text-align: center;\"><img decoding=\"async\"  src=\"https:\/\/a.allegroimg.com\/original\/1173f4\/e1bc6b8947deb9a75f6059a77030\/Elektryczny-rowerek-biegowy-HP-121E-12-Stan-opakowania-oryginalne\" srcset=\"https:\/\/a.allegroimg.com\/original\/1173f4\/e1bc6b8947deb9a75f6059a77030\/Elektryczny-rowerek-biegowy-HP-121E-12-Stan-opakowania-oryginalne 360w,https:\/\/a.allegroimg.com\/original\/1173f4\/e1bc6b8947deb9a75f6059a77030\/Elektryczny-rowerek-biegowy-HP-121E-12-Stan-opakowania-oryginalne 720w,https:\/\/a.allegroimg.com\/original\/1173f4\/e1bc6b8947deb9a75f6059a77030\/Elektryczny-rowerek-biegowy-HP-121E-12-Stan-opakowania-oryginalne 800w,https:\/\/a.allegroimg.com\/original\/1173f4\/e1bc6b8947deb9a75f6059a77030\/Elektryczny-rowerek-biegowy-HP-121E-12-Stan-opakowania-oryginalne 800w\" sizes=\"(min-width: 1200px) 560px, (min-width: 992px) 50vw, 100vw\" width=\"800px\" alt=\"Elektryczny rowerek biegowy HP 121E 12'' Stan opakowania oryginalne\" style=\"max-width: 100%; height: auto; display: block; margin: 0 auto;\"><\/div>\n<\/div>\n<\/div>\n<\/div>\n<\/div>\n<\/div>\n<div style=\"clear: both; display: block; margin: 10px 0;\">\n<div style=\"clear: both; display: block; margin: 10px 0;\">\n<div style=\"clear: both; display: block; margin: 10px 0;\">\n<div  style=\"max-width:1635px;max-height:688px\">\n<div style=\"clear: both; display: block; margin: 10px 0;\">\n<div style=\"clear: both; width: 100%; display: block; margin: 20px 0; padding: 0; float: none; position: static; text-align: center;\"><img decoding=\"async\"  src=\"https:\/\/a.allegroimg.com\/original\/1100a0\/bb51351b4a06bebcbf2f22ffc84a\/Elektryczny-rowerek-biegowy-HP-121E-12-Stopien-zlozenia-wstepnie-zlozony-wyregulowany\" srcset=\"https:\/\/a.allegroimg.com\/original\/1100a0\/bb51351b4a06bebcbf2f22ffc84a\/Elektryczny-rowerek-biegowy-HP-121E-12-Stopien-zlozenia-wstepnie-zlozony-wyregulowany 360w,https:\/\/a.allegroimg.com\/original\/1100a0\/bb51351b4a06bebcbf2f22ffc84a\/Elektryczny-rowerek-biegowy-HP-121E-12-Stopien-zlozenia-wstepnie-zlozony-wyregulowany 720w,https:\/\/a.allegroimg.com\/original\/1100a0\/bb51351b4a06bebcbf2f22ffc84a\/Elektryczny-rowerek-biegowy-HP-121E-12-Stopien-zlozenia-wstepnie-zlozony-wyregulowany 1023w,https:\/\/a.allegroimg.com\/original\/1100a0\/bb51351b4a06bebcbf2f22ffc84a\/Elektryczny-rowerek-biegowy-HP-121E-12-Stopien-zlozenia-wstepnie-zlozony-wyregulowany 1440w,https:\/\/a.allegroimg.com\/original\/1100a0\/bb51351b4a06bebcbf2f22ffc84a\/Elektryczny-rowerek-biegowy-HP-121E-12-Stopien-zlozenia-wstepnie-zlozony-wyregulowany 1635w\" sizes=\"100vw\" width=\"1635px\" alt=\"Elektryczny rowerek biegowy HP 121E 12'' Stopie\u0144 z\u0142o\u017cenia wst\u0119pnie z\u0142o\u017cony, wyregulowany\" style=\"max-width: 100%; height: auto; display: block; margin: 0 auto;\"><\/div>\n<\/div>\n<\/div>\n<\/div>\n<\/div>\n<\/div>\n<\/div>\n<\/div>\n<\/div>\n<div style=\"clear: both; display: block; margin: 10px 0;\">\n","protected":false},"excerpt":{"rendered":"<p>Elektryczny rowerek biegowy HP 121E 12&#039;&#039;<\/p>\n<p>IML<\/p>\n<p>#image_996237151 {<\/p>\n<p>width: 95%;<\/p>\n<p>}<\/p>\n<p>#col-823355687 &gt; .col-inner {<\/p>\n<p>padding: 30px 0px 30px 0px;<\/p>\n<p>margin: 30px 0px 50px 0px;<\/p>\n","protected":false},"featured_media":14628,"template":"","meta":{"_uag_custom_page_level_css":""},"product_brand":[756],"product_cat":[741,688,757,687],"product_tag":[],"class_list":{"0":"post-14626","1":"product","2":"type-product","3":"status-publish","4":"has-post-thumbnail","6":"product_brand-iamelectric","7":"product_cat-elektryczne","8":"product_cat-rowery","9":"product_cat-rowery-elektryczne-junior","10":"product_cat-rowery-i-akcesoria","12":"first","13":"instock","14":"sale","15":"shipping-taxable","16":"purchasable","17":"product-type-simple"},"uagb_featured_image_src":{"full":["https:\/\/torvaniq.shop\/ro64\/wp-content\/uploads\/2026\/02\/allegro-image-14626.jpg",800,800,false],"thumbnail":["https:\/\/torvaniq.shop\/ro64\/wp-content\/uploads\/2026\/02\/allegro-image-14626-150x150.jpg",150,150,true],"medium":["https:\/\/torvaniq.shop\/ro64\/wp-content\/uploads\/2026\/02\/allegro-image-14626-300x300.jpg",300,300,true],"medium_large":["https:\/\/torvaniq.shop\/ro64\/wp-content\/uploads\/2026\/02\/allegro-image-14626-768x768.jpg",768,768,true],"large":["https:\/\/torvaniq.shop\/ro64\/wp-content\/uploads\/2026\/02\/allegro-image-14626.jpg",800,800,false],"1536x1536":["https:\/\/torvaniq.shop\/ro64\/wp-content\/uploads\/2026\/02\/allegro-image-14626.jpg",800,800,false],"2048x2048":["https:\/\/torvaniq.shop\/ro64\/wp-content\/uploads\/2026\/02\/allegro-image-14626.jpg",800,800,false],"woocommerce_thumbnail":["https:\/\/torvaniq.shop\/ro64\/wp-content\/uploads\/2026\/02\/allegro-image-14626-300x300.jpg",300,300,true],"woocommerce_single":["https:\/\/torvaniq.shop\/ro64\/wp-content\/uploads\/2026\/02\/allegro-image-14626-600x600.jpg",600,600,true],"woocommerce_gallery_thumbnail":["https:\/\/torvaniq.shop\/ro64\/wp-content\/uploads\/2026\/02\/allegro-image-14626-100x100.jpg",100,100,true]},"uagb_author_info":{"display_name":"admin","author_link":"https:\/\/torvaniq.shop\/ro64\/author\/"},"uagb_comment_info":0,"uagb_excerpt":"Elektryczny rowerek biegowy HP 121E 12&#039;&#039; IML #image_996237151 { width: 95%; } #col-823355687 &gt; .col-inner { padding: 30px 0px 30px 0px; margin: 30px 0px 50px 0px;","_links":{"self":[{"href":"https:\/\/torvaniq.shop\/ro64\/wp-json\/wp\/v2\/product\/14626","targetHints":{"allow":["GET"]}}],"collection":[{"href":"https:\/\/torvaniq.shop\/ro64\/wp-json\/wp\/v2\/product"}],"about":[{"href":"https:\/\/torvaniq.shop\/ro64\/wp-json\/wp\/v2\/types\/product"}],"wp:featuredmedia":[{"embeddable":true,"href":"https:\/\/torvaniq.shop\/ro64\/wp-json\/wp\/v2\/media\/14628"}],"wp:attachment":[{"href":"https:\/\/torvaniq.shop\/ro64\/wp-json\/wp\/v2\/media?parent=14626"}],"wp:term":[{"taxonomy":"product_brand","embeddable":true,"href":"https:\/\/torvaniq.shop\/ro64\/wp-json\/wp\/v2\/product_brand?post=14626"},{"taxonomy":"product_cat","embeddable":true,"href":"https:\/\/torvaniq.shop\/ro64\/wp-json\/wp\/v2\/product_cat?post=14626"},{"taxonomy":"product_tag","embeddable":true,"href":"https:\/\/torvaniq.shop\/ro64\/wp-json\/wp\/v2\/product_tag?post=14626"}],"curies":[{"name":"wp","href":"https:\/\/api.w.org\/{rel}","templated":true}]}}