{"id":14465,"date":"2026-02-26T04:36:58","date_gmt":"2026-02-26T03:36:58","guid":{"rendered":"https:\/\/rowermax.shop\/ro64\/produkt\/unibike-viper-lds-szary-2025-rama-17\/"},"modified":"2026-02-26T04:36:59","modified_gmt":"2026-02-26T03:36:59","slug":"unibike-viper-lds-szary-2025-rama-17","status":"publish","type":"product","link":"https:\/\/torvaniq.shop\/ro64\/produkt\/unibike-viper-lds-szary-2025-rama-17\/","title":{"rendered":"UNIBIKE VIPER LDS SZARY 2025 RAMA 17&#8221;"},"content":{"rendered":"<div style=\"font-family: Arial, sans-serif; line-height: 1.6; color: #333; padding: 20px; clear: both; display: block; width: 100%; float: none; position: static; overflow: hidden;\">\n<div style=\"clear: both; display: block; margin: 10px 0;\">\n<div style=\"clear: both; display: block; margin: 10px 0;\">\n<div style=\"clear: both; display: block; margin: 10px 0;\">\n<div  style=\"max-width:1000px;max-height:145px\">\n<div style=\"clear: both; display: block; margin: 10px 0;\">\n<div style=\"clear: both; width: 100%; display: block; margin: 20px 0; padding: 0; float: none; position: static; text-align: center;\"><img decoding=\"async\"  src=\"https:\/\/a.allegroimg.com\/original\/11b4ef\/ae60dd164f79a2ea7fecc5f77242\/UNIBIKE-VIPER-LDS-SZARY-2025-RAMA-17-Liczba-biegow-22\" srcset=\"https:\/\/a.allegroimg.com\/original\/11b4ef\/ae60dd164f79a2ea7fecc5f77242\/UNIBIKE-VIPER-LDS-SZARY-2025-RAMA-17-Liczba-biegow-22 360w,https:\/\/a.allegroimg.com\/original\/11b4ef\/ae60dd164f79a2ea7fecc5f77242\/UNIBIKE-VIPER-LDS-SZARY-2025-RAMA-17-Liczba-biegow-22 720w,https:\/\/a.allegroimg.com\/original\/11b4ef\/ae60dd164f79a2ea7fecc5f77242\/UNIBIKE-VIPER-LDS-SZARY-2025-RAMA-17-Liczba-biegow-22 1000w,https:\/\/a.allegroimg.com\/original\/11b4ef\/ae60dd164f79a2ea7fecc5f77242\/UNIBIKE-VIPER-LDS-SZARY-2025-RAMA-17-Liczba-biegow-22 1000w\" sizes=\"100vw\" width=\"1000px\" alt=\"UNIBIKE VIPER LDS SZARY 2025 RAMA 17'' Liczba bieg\u00f3w 22\" style=\"max-width: 100%; height: auto; display: block; margin: 0 auto;\"><\/div>\n<\/div>\n<\/div>\n<\/div>\n<\/div>\n<\/div>\n<div style=\"clear: both; display: block; margin: 10px 0;\">\n<div style=\"clear: both; display: block; margin: 10px 0;\">\n<div style=\"clear: both; display: block; margin: 10px 0;\">\n<div  style=\"max-width:1200px;max-height:816px\">\n<div style=\"clear: both; display: block; margin: 10px 0;\">\n<div style=\"clear: both; width: 100%; display: block; margin: 20px 0; padding: 0; float: none; position: static; text-align: center;\"><img decoding=\"async\"  src=\"https:\/\/a.allegroimg.com\/original\/11579e\/b7e9442c4db7b75b3c88f29184f0\/UNIBIKE-VIPER-LDS-SZARY-2025-RAMA-17\" srcset=\"https:\/\/a.allegroimg.com\/original\/11579e\/b7e9442c4db7b75b3c88f29184f0\/UNIBIKE-VIPER-LDS-SZARY-2025-RAMA-17 360w,https:\/\/a.allegroimg.com\/original\/11579e\/b7e9442c4db7b75b3c88f29184f0\/UNIBIKE-VIPER-LDS-SZARY-2025-RAMA-17 720w,https:\/\/a.allegroimg.com\/original\/11579e\/b7e9442c4db7b75b3c88f29184f0\/UNIBIKE-VIPER-LDS-SZARY-2025-RAMA-17 1024w,https:\/\/a.allegroimg.com\/original\/11579e\/b7e9442c4db7b75b3c88f29184f0\/UNIBIKE-VIPER-LDS-SZARY-2025-RAMA-17 1200w,https:\/\/a.allegroimg.com\/original\/11579e\/b7e9442c4db7b75b3c88f29184f0\/UNIBIKE-VIPER-LDS-SZARY-2025-RAMA-17 1200w\" sizes=\"100vw\" width=\"1200px\" alt=\"UNIBIKE VIPER LDS SZARY 2025 RAMA 17''\" style=\"max-width: 100%; height: auto; display: block; margin: 0 auto;\"><\/div>\n<\/div>\n<\/div>\n<\/div>\n<\/div>\n<\/div>\n<div style=\"clear: both; display: block; margin: 10px 0;\">\n<div style=\"clear: both; display: block; margin: 10px 0;\">\n<div style=\"clear: both; display: block; margin: 10px 0;\">\n<div  style=\"max-width:2000px;max-height:2000px\">\n<div style=\"clear: both; display: block; margin: 10px 0;\">\n<div style=\"clear: both; width: 100%; display: block; margin: 20px 0; padding: 0; float: none; position: static; text-align: center;\"><img decoding=\"async\"  src=\"https:\/\/a.allegroimg.com\/original\/1183a4\/4722cd5243b6b5c14a7eea8fc098\/UNIBIKE-VIPER-LDS-SZARY-2025-RAMA-17-Marka-Unibike\" srcset=\"https:\/\/a.allegroimg.com\/original\/1183a4\/4722cd5243b6b5c14a7eea8fc098\/UNIBIKE-VIPER-LDS-SZARY-2025-RAMA-17-Marka-Unibike 360w,https:\/\/a.allegroimg.com\/original\/1183a4\/4722cd5243b6b5c14a7eea8fc098\/UNIBIKE-VIPER-LDS-SZARY-2025-RAMA-17-Marka-Unibike 720w,https:\/\/a.allegroimg.com\/original\/1183a4\/4722cd5243b6b5c14a7eea8fc098\/UNIBIKE-VIPER-LDS-SZARY-2025-RAMA-17-Marka-Unibike 1024w,https:\/\/a.allegroimg.com\/original\/1183a4\/4722cd5243b6b5c14a7eea8fc098\/UNIBIKE-VIPER-LDS-SZARY-2025-RAMA-17-Marka-Unibike 1440w,https:\/\/a.allegroimg.com\/original\/1183a4\/4722cd5243b6b5c14a7eea8fc098\/UNIBIKE-VIPER-LDS-SZARY-2025-RAMA-17-Marka-Unibike 2000w\" sizes=\"100vw\" width=\"2000px\" alt=\"UNIBIKE VIPER LDS SZARY 2025 RAMA 17'' Marka Unibike\" style=\"max-width: 100%; height: auto; display: block; margin: 0 auto;\"><\/div>\n<\/div>\n<\/div>\n<\/div>\n<\/div>\n<\/div>\n<div style=\"clear: both; display: block; margin: 10px 0;\">\n<div style=\"clear: both; display: block; margin: 10px 0;\">\n<div style=\"clear: both; display: block; margin: 10px 0;\">\n<div  style=\"max-width:1000px;max-height:1000px\">\n<div style=\"clear: both; display: block; margin: 10px 0;\">\n<div style=\"clear: both; width: 100%; display: block; margin: 20px 0; padding: 0; float: none; position: static; text-align: center;\"><img decoding=\"async\"  src=\"https:\/\/a.allegroimg.com\/original\/11a9a2\/fc1ccdcd4cad95c74438853b06ff\/UNIBIKE-VIPER-LDS-SZARY-2025-RAMA-17-Rozmiar-ramy-17-cali\" srcset=\"https:\/\/a.allegroimg.com\/original\/11a9a2\/fc1ccdcd4cad95c74438853b06ff\/UNIBIKE-VIPER-LDS-SZARY-2025-RAMA-17-Rozmiar-ramy-17-cali 360w,https:\/\/a.allegroimg.com\/original\/11a9a2\/fc1ccdcd4cad95c74438853b06ff\/UNIBIKE-VIPER-LDS-SZARY-2025-RAMA-17-Rozmiar-ramy-17-cali 720w,https:\/\/a.allegroimg.com\/original\/11a9a2\/fc1ccdcd4cad95c74438853b06ff\/UNIBIKE-VIPER-LDS-SZARY-2025-RAMA-17-Rozmiar-ramy-17-cali 1000w,https:\/\/a.allegroimg.com\/original\/11a9a2\/fc1ccdcd4cad95c74438853b06ff\/UNIBIKE-VIPER-LDS-SZARY-2025-RAMA-17-Rozmiar-ramy-17-cali 1000w\" sizes=\"100vw\" width=\"1000px\" alt=\"UNIBIKE VIPER LDS SZARY 2025 RAMA 17'' Rozmiar ramy 17 cali\" style=\"max-width: 100%; height: auto; display: block; margin: 0 auto;\"><\/div>\n<\/div>\n<\/div>\n<\/div>\n<\/div>\n<\/div>\n<div style=\"clear: both; display: block; margin: 10px 0;\">\n<div style=\"clear: both; display: block; margin: 10px 0;\">\n<div style=\"clear: both; display: block; margin: 10px 0;\">\n<div  style=\"max-width:1200px;max-height:800px\">\n<div style=\"clear: both; display: block; margin: 10px 0;\">\n<div style=\"clear: both; width: 100%; display: block; margin: 20px 0; padding: 0; float: none; position: static; text-align: center;\"><img decoding=\"async\"  src=\"https:\/\/a.allegroimg.com\/original\/11a319\/3df58975417fb2b0efd3cec907d2\/UNIBIKE-VIPER-LDS-SZARY-2025-RAMA-17-Kod-producenta-9050960125\" srcset=\"https:\/\/a.allegroimg.com\/original\/11a319\/3df58975417fb2b0efd3cec907d2\/UNIBIKE-VIPER-LDS-SZARY-2025-RAMA-17-Kod-producenta-9050960125 360w,https:\/\/a.allegroimg.com\/original\/11a319\/3df58975417fb2b0efd3cec907d2\/UNIBIKE-VIPER-LDS-SZARY-2025-RAMA-17-Kod-producenta-9050960125 720w,https:\/\/a.allegroimg.com\/original\/11a319\/3df58975417fb2b0efd3cec907d2\/UNIBIKE-VIPER-LDS-SZARY-2025-RAMA-17-Kod-producenta-9050960125 1024w,https:\/\/a.allegroimg.com\/original\/11a319\/3df58975417fb2b0efd3cec907d2\/UNIBIKE-VIPER-LDS-SZARY-2025-RAMA-17-Kod-producenta-9050960125 1200w,https:\/\/a.allegroimg.com\/original\/11a319\/3df58975417fb2b0efd3cec907d2\/UNIBIKE-VIPER-LDS-SZARY-2025-RAMA-17-Kod-producenta-9050960125 1200w\" sizes=\"100vw\" width=\"1200px\" alt=\"UNIBIKE VIPER LDS SZARY 2025 RAMA 17'' Kod producenta 9050960125\" style=\"max-width: 100%; height: auto; display: block; margin: 0 auto;\"><\/div>\n<\/div>\n<\/div>\n<\/div>\n<\/div>\n<\/div>\n<div style=\"clear: both; display: block; margin: 10px 0;\">\n<div style=\"clear: both; display: block; margin: 10px 0;\">\n<div style=\"clear: both; display: block; margin: 10px 0;\">\n<div  style=\"max-width:1200px;max-height:800px\">\n<div style=\"clear: both; display: block; margin: 10px 0;\">\n<div style=\"clear: both; width: 100%; display: block; margin: 20px 0; padding: 0; float: none; position: static; text-align: center;\"><img decoding=\"async\"  src=\"https:\/\/a.allegroimg.com\/original\/1113a4\/e58aea6641959905eedac7fbb036\/UNIBIKE-VIPER-LDS-SZARY-2025-RAMA-17-Kolor-szary\" srcset=\"https:\/\/a.allegroimg.com\/original\/1113a4\/e58aea6641959905eedac7fbb036\/UNIBIKE-VIPER-LDS-SZARY-2025-RAMA-17-Kolor-szary 360w,https:\/\/a.allegroimg.com\/original\/1113a4\/e58aea6641959905eedac7fbb036\/UNIBIKE-VIPER-LDS-SZARY-2025-RAMA-17-Kolor-szary 720w,https:\/\/a.allegroimg.com\/original\/1113a4\/e58aea6641959905eedac7fbb036\/UNIBIKE-VIPER-LDS-SZARY-2025-RAMA-17-Kolor-szary 1024w,https:\/\/a.allegroimg.com\/original\/1113a4\/e58aea6641959905eedac7fbb036\/UNIBIKE-VIPER-LDS-SZARY-2025-RAMA-17-Kolor-szary 1200w,https:\/\/a.allegroimg.com\/original\/1113a4\/e58aea6641959905eedac7fbb036\/UNIBIKE-VIPER-LDS-SZARY-2025-RAMA-17-Kolor-szary 1200w\" sizes=\"(min-width: 1200px) 560px, (min-width: 992px) 50vw, 100vw\" width=\"1200px\" alt=\"UNIBIKE VIPER LDS SZARY 2025 RAMA 17'' Kolor szary\" style=\"max-width: 100%; height: auto; display: block; margin: 0 auto;\"><\/div>\n<\/div>\n<\/div>\n<\/div>\n<\/div>\n<div style=\"clear: both; display: block; margin: 10px 0;\">\n<div style=\"clear: both; display: block; margin: 10px 0;\">\n<p style=\"margin: 15px 0; line-height: 1.8; clear: both; display: block; width: 100%; float: none; position: static;\">VIPER LDS to rower zaprojektowany z my\u015bl\u0105 o tych, kt\u00f3rzy ceni\u0105 sobie precyzj\u0119 i komfort niezale\u017cnie od warunk\u00f3w. Jego starannie opracowana geometria ramy gwarantuje stabilno\u015b\u0107 i wygod\u0119, a komponenty Shimano zapewnia niezawodno\u015b\u0107 na d\u0142ugich trasach. Zaawansowana amortyzacja skutecznie poch\u0142ania nier\u00f3wno\u015bci, natomiast lekkie ko\u0142a umo\u017cliwiaj\u0105 szybkie pokonywanie kilometr\u00f3w. To idealny wyb\u00f3r dla wymagaj\u0105cych rowerzyst\u00f3w, kt\u00f3rzy oczekuj\u0105 najwy\u017cszych wra\u017ce\u0144 z jazdy.<\/p>\n<\/div>\n<\/div>\n<\/div>\n<div style=\"clear: both; display: block; margin: 10px 0;\">\n<div style=\"clear: both; display: block; margin: 10px 0;\">\n<div style=\"clear: both; display: block; margin: 10px 0;\">\n<p style=\"margin: 15px 0; line-height: 1.8; clear: both; display: block; width: 100%; float: none; position: static;\">Specyfikacja techniczna<\/p>\n<ul style=\"margin: 15px 0; padding-left: 20px; clear: both; display: block; width: 100%; float: none; position: static;\">\n<li style=\"margin: 5px 0; padding: 2px 0; clear: both; display: list-item; float: none; position: static;\">RAMA<\/li>\n<li style=\"margin: 5px 0; padding: 2px 0; clear: both; display: list-item; float: none; position: static;\">Rama: ALUMINIOWA \/ ALU 6061-T6 \/ DAMSKA<\/li>\n<li style=\"margin: 5px 0; padding: 2px 0; clear: both; display: list-item; float: none; position: static;\">Rozmiar ramy:17&#8221;<\/li>\n<li style=\"margin: 5px 0; padding: 2px 0; clear: both; display: list-item; float: none; position: static;\">Kolory: SZARY<\/li>\n<li style=\"margin: 5px 0; padding: 2px 0; clear: both; display: list-item; float: none; position: static;\">Widelec przedni: AMORTYZOWANY SR SUNTOUR NVX30 \/ BLOKADA HYDRAULICZNA Z D\u0179WIGNI\u0104 NA KIEROWNICY \/ SKOK 75MM<\/li>\n<li style=\"margin: 5px 0; padding: 2px 0; clear: both; display: list-item; float: none; position: static;\">Komplet sterowy: AHEAD FSA NO.10 \/ 1-1\/8&#8243; \/ WEWN\u0118TRZNY<\/li>\n<\/ul>\n<ul style=\"margin: 15px 0; padding-left: 20px; clear: both; display: block; width: 100%; float: none; position: static;\">\n<li style=\"margin: 5px 0; padding: 2px 0; clear: both; display: list-item; float: none; position: static;\">NAP\u0118D<\/li>\n<li style=\"margin: 5px 0; padding: 2px 0; clear: both; display: list-item; float: none; position: static;\">Mechanizm korbowy: SHIMANO CUES U6000-2 \/ 46X30T \/ ZINTEGROWANA O\u015a \/ SUPORT \/ OS\u0141ONA<\/li>\n<li style=\"margin: 5px 0; padding: 2px 0; clear: both; display: list-item; float: none; position: static;\">Przerzutka przednia: SHIMANO CUES U6010<\/li>\n<li style=\"margin: 5px 0; padding: 2px 0; clear: both; display: list-item; float: none; position: static;\">Przerzutka tylna: SHIMANO CUES U6020-10<\/li>\n<li style=\"margin: 5px 0; padding: 2px 0; clear: both; display: list-item; float: none; position: static;\">D\u017awignie przerzutek: SHIMANO CUES U6000<\/li>\n<li style=\"margin: 5px 0; padding: 2px 0; clear: both; display: list-item; float: none; position: static;\">Wielotryb: SHIMANO CUES LG300-10 \/ 11-39T<\/li>\n<li style=\"margin: 5px 0; padding: 2px 0; clear: both; display: list-item; float: none; position: static;\">\u0141a\u0144cuch: KMC XGLIDE<\/li>\n<li style=\"margin: 5px 0; padding: 2px 0; clear: both; display: list-item; float: none; position: static;\">Ilo\u015b\u0107 bieg\u00f3w: 20<\/li>\n<\/ul>\n<ul style=\"margin: 15px 0; padding-left: 20px; clear: both; display: block; width: 100%; float: none; position: static;\">\n<li style=\"margin: 5px 0; padding: 2px 0; clear: both; display: list-item; float: none; position: static;\">KO\u0141A<\/li>\n<li style=\"margin: 5px 0; padding: 2px 0; clear: both; display: list-item; float: none; position: static;\">Piasty: SHIMANO QC400 \/ 32H<\/li>\n<li style=\"margin: 5px 0; padding: 2px 0; clear: both; display: list-item; float: none; position: static;\">Obr\u0119cze: STARS \/ DISC \/ ZAKUWKI \/ CZARNE<\/li>\n<li style=\"margin: 5px 0; padding: 2px 0; clear: both; display: list-item; float: none; position: static;\">Szprychy: SAPIM LEADER \/ NIERDZEWNE \/ CZARNE<\/li>\n<li style=\"margin: 5px 0; padding: 2px 0; clear: both; display: list-item; float: none; position: static;\">Opony: SCHWALBE SMART SAM \/ ADDIX \/ 28X1.65<\/li>\n<li style=\"margin: 5px 0; padding: 2px 0; clear: both; display: list-item; float: none; position: static;\">D\u0119tki: SCHWALBE \/ AV<\/li>\n<\/ul>\n<ul style=\"margin: 15px 0; padding-left: 20px; clear: both; display: block; width: 100%; float: none; position: static;\">\n<li style=\"margin: 5px 0; padding: 2px 0; clear: both; display: list-item; float: none; position: static;\">HAMULCE<\/li>\n<li style=\"margin: 5px 0; padding: 2px 0; clear: both; display: list-item; float: none; position: static;\">Hamulce: SHIMANO DEORE M6100 (DISC BRAKE)<\/li>\n<li style=\"margin: 5px 0; padding: 2px 0; clear: both; display: list-item; float: none; position: static;\">D\u017awignie hamulca: SHIMANO M6100<\/li>\n<\/ul>\n<ul style=\"margin: 15px 0; padding-left: 20px; clear: both; display: block; width: 100%; float: none; position: static;\">\n<li style=\"margin: 5px 0; padding: 2px 0; clear: both; display: list-item; float: none; position: static;\">KOMPONENTY<\/li>\n<li style=\"margin: 5px 0; padding: 2px 0; clear: both; display: list-item; float: none; position: static;\">Peda\u0142y: UNION \/ ALUMINIOWY KORPUS I RAMKA<\/li>\n<li style=\"margin: 5px 0; padding: 2px 0; clear: both; display: list-item; float: none; position: static;\">Kierownica: ZOOM \/ RISER \/ 31.8MM<\/li>\n<li style=\"margin: 5px 0; padding: 2px 0; clear: both; display: list-item; float: none; position: static;\">Wspornik kierownicy: UNO UP \/ REGULOWANY \/ 31.8MM<\/li>\n<li style=\"margin: 5px 0; padding: 2px 0; clear: both; display: list-item; float: none; position: static;\">Chwyty kierownicy: DDK ERGONOMIC \/ LOCK<\/li>\n<li style=\"margin: 5px 0; padding: 2px 0; clear: both; display: list-item; float: none; position: static;\">Siod\u0142o: NEW LOOKIN + \/ ROYAL GEL<\/li>\n<li style=\"margin: 5px 0; padding: 2px 0; clear: both; display: list-item; float: none; position: static;\">Wspornik siod\u0142a: SATORI HARMONY-LT2 \/ AMORTYZOWANY \/ 31.6MM<\/li>\n<li style=\"margin: 5px 0; padding: 2px 0; clear: both; display: list-item; float: none; position: static;\">Podp\u00f3rka: STANDWELL \/ ALU \/ REGULOWANA<\/li>\n<li style=\"margin: 5px 0; padding: 2px 0; clear: both; display: list-item; float: none; position: static;\">DZWONEK<\/li>\n<\/ul>\n<\/div>\n<\/div>\n<\/div>\n<div style=\"clear: both; display: block; margin: 10px 0;\">\n<div style=\"clear: both; display: block; margin: 10px 0;\">\n<div style=\"clear: both; display: block; margin: 10px 0;\">\n<div  style=\"max-width:1200px;max-height:816px\">\n<div style=\"clear: both; display: block; margin: 10px 0;\">\n<div style=\"clear: both; width: 100%; display: block; margin: 20px 0; padding: 0; float: none; position: static; text-align: center;\"><img decoding=\"async\"  src=\"https:\/\/a.allegroimg.com\/original\/11579e\/b7e9442c4db7b75b3c88f29184f0\/UNIBIKE-VIPER-LDS-SZARY-2025-RAMA-17\" srcset=\"https:\/\/a.allegroimg.com\/original\/11579e\/b7e9442c4db7b75b3c88f29184f0\/UNIBIKE-VIPER-LDS-SZARY-2025-RAMA-17 360w,https:\/\/a.allegroimg.com\/original\/11579e\/b7e9442c4db7b75b3c88f29184f0\/UNIBIKE-VIPER-LDS-SZARY-2025-RAMA-17 720w,https:\/\/a.allegroimg.com\/original\/11579e\/b7e9442c4db7b75b3c88f29184f0\/UNIBIKE-VIPER-LDS-SZARY-2025-RAMA-17 1024w,https:\/\/a.allegroimg.com\/original\/11579e\/b7e9442c4db7b75b3c88f29184f0\/UNIBIKE-VIPER-LDS-SZARY-2025-RAMA-17 1200w,https:\/\/a.allegroimg.com\/original\/11579e\/b7e9442c4db7b75b3c88f29184f0\/UNIBIKE-VIPER-LDS-SZARY-2025-RAMA-17 1200w\" sizes=\"100vw\" width=\"1200px\" alt=\"UNIBIKE VIPER LDS SZARY 2025 RAMA 17''\" style=\"max-width: 100%; height: auto; display: block; margin: 0 auto;\"><\/div>\n<\/div>\n<\/div>\n<\/div>\n<\/div>\n<\/div>\n<div style=\"clear: both; display: block; margin: 10px 0;\">\n<div style=\"clear: both; display: block; margin: 10px 0;\">\n<div style=\"clear: both; display: block; margin: 10px 0;\">\n<div  style=\"max-width:612px;max-height:408px\">\n<div style=\"clear: both; display: block; margin: 10px 0;\">\n<div style=\"clear: both; width: 100%; display: block; margin: 20px 0; padding: 0; float: none; position: static; text-align: center;\"><img decoding=\"async\"  src=\"https:\/\/a.allegroimg.com\/original\/113ef3\/4bf6e374495e95be0d593f72268d\/UNIBIKE-VIPER-LDS-SZARY-2025-RAMA-17-Rozmiar-kola-28\" srcset=\"https:\/\/a.allegroimg.com\/original\/113ef3\/4bf6e374495e95be0d593f72268d\/UNIBIKE-VIPER-LDS-SZARY-2025-RAMA-17-Rozmiar-kola-28 360w,https:\/\/a.allegroimg.com\/original\/113ef3\/4bf6e374495e95be0d593f72268d\/UNIBIKE-VIPER-LDS-SZARY-2025-RAMA-17-Rozmiar-kola-28 612w,https:\/\/a.allegroimg.com\/original\/113ef3\/4bf6e374495e95be0d593f72268d\/UNIBIKE-VIPER-LDS-SZARY-2025-RAMA-17-Rozmiar-kola-28 612w\" sizes=\"100vw\" width=\"612px\" alt=\"UNIBIKE VIPER LDS SZARY 2025 RAMA 17'' Rozmiar ko\u0142a (&quot;) 28\" style=\"max-width: 100%; height: auto; display: block; margin: 0 auto;\"><\/div>\n<\/div>\n<\/div>\n<\/div>\n<\/div>\n<\/div>\n<div style=\"clear: both; display: block; margin: 10px 0;\">\n<div style=\"clear: both; display: block; margin: 10px 0;\">\n<div style=\"clear: both; display: block; margin: 10px 0;\">\n<div  style=\"max-width:1000px;max-height:145px\">\n<div style=\"clear: both; display: block; margin: 10px 0;\">\n<div style=\"clear: both; width: 100%; display: block; margin: 20px 0; padding: 0; float: none; position: static; text-align: center;\"><img decoding=\"async\"  src=\"https:\/\/a.allegroimg.com\/original\/11b4ef\/ae60dd164f79a2ea7fecc5f77242\/UNIBIKE-VIPER-LDS-SZARY-2025-RAMA-17-Liczba-biegow-22\" srcset=\"https:\/\/a.allegroimg.com\/original\/11b4ef\/ae60dd164f79a2ea7fecc5f77242\/UNIBIKE-VIPER-LDS-SZARY-2025-RAMA-17-Liczba-biegow-22 360w,https:\/\/a.allegroimg.com\/original\/11b4ef\/ae60dd164f79a2ea7fecc5f77242\/UNIBIKE-VIPER-LDS-SZARY-2025-RAMA-17-Liczba-biegow-22 720w,https:\/\/a.allegroimg.com\/original\/11b4ef\/ae60dd164f79a2ea7fecc5f77242\/UNIBIKE-VIPER-LDS-SZARY-2025-RAMA-17-Liczba-biegow-22 1000w,https:\/\/a.allegroimg.com\/original\/11b4ef\/ae60dd164f79a2ea7fecc5f77242\/UNIBIKE-VIPER-LDS-SZARY-2025-RAMA-17-Liczba-biegow-22 1000w\" sizes=\"100vw\" width=\"1000px\" alt=\"UNIBIKE VIPER LDS SZARY 2025 RAMA 17'' Liczba bieg\u00f3w 22\" style=\"max-width: 100%; height: auto; display: block; margin: 0 auto;\"><\/div>\n<\/div>\n<\/div>\n<\/div>\n<\/div>\n<\/div>\n<\/div>\n<\/div>\n<\/div>\n<div style=\"clear: both; display: block; margin: 10px 0;\">\n","protected":false},"excerpt":{"rendered":"<p>VIPER LDS to rower zaprojektowany z my\u015bl\u0105 o tych, kt\u00f3rzy ceni\u0105 sobie precyzj\u0119 i komfort niezale\u017cnie od warunk\u00f3w. Jego starannie opracowana geometria ramy gwarantuje stabilno\u015b\u0107 i wygod\u0119, a komponenty Shimano zapewnia niezawodno\u015b\u0107 na d\u0142ugich trasach. Zaawansowana amortyzacja skutecznie poch\u0142ania nier\u00f3wno\u015bci, natomiast lekkie ko\u0142a umo\u017cliwiaj\u0105 szybkie pokonywanie kilometr\u00f3w. To idealny wyb\u00f3r dla wymagaj\u0105cych rowerzyst\u00f3w, kt\u00f3rzy oczekuj\u0105 najwy\u017cszych wra\u017ce\u0144 z jazdy.<\/p>\n<p>Specyfikacja techniczna<\/p>\n<p>RAMA<\/p>\n<p>Rama: ALUMINIOWA \/ ALU 6061-T6 \/ DAMSKA<\/p>\n<p>Rozmiar ramy:17&#039;&#039;<\/p>\n<p>Kolory: SZARY<\/p>\n","protected":false},"featured_media":14466,"template":"","meta":{"_uag_custom_page_level_css":""},"product_brand":[727],"product_cat":[725,688,687],"product_tag":[],"class_list":{"0":"post-14465","1":"product","2":"type-product","3":"status-publish","4":"has-post-thumbnail","6":"product_brand-unibike","7":"product_cat-crossowe","8":"product_cat-rowery","9":"product_cat-rowery-i-akcesoria","11":"first","12":"instock","13":"sale","14":"shipping-taxable","15":"purchasable","16":"product-type-simple"},"uagb_featured_image_src":{"full":["https:\/\/torvaniq.shop\/ro64\/wp-content\/uploads\/2026\/02\/allegro-image-14465.jpg",1200,816,false],"thumbnail":["https:\/\/torvaniq.shop\/ro64\/wp-content\/uploads\/2026\/02\/allegro-image-14465-150x150.jpg",150,150,true],"medium":["https:\/\/torvaniq.shop\/ro64\/wp-content\/uploads\/2026\/02\/allegro-image-14465-300x204.jpg",300,204,true],"medium_large":["https:\/\/torvaniq.shop\/ro64\/wp-content\/uploads\/2026\/02\/allegro-image-14465-768x522.jpg",768,522,true],"large":["https:\/\/torvaniq.shop\/ro64\/wp-content\/uploads\/2026\/02\/allegro-image-14465-1024x696.jpg",1024,696,true],"1536x1536":["https:\/\/torvaniq.shop\/ro64\/wp-content\/uploads\/2026\/02\/allegro-image-14465.jpg",1200,816,false],"2048x2048":["https:\/\/torvaniq.shop\/ro64\/wp-content\/uploads\/2026\/02\/allegro-image-14465.jpg",1200,816,false],"woocommerce_thumbnail":["https:\/\/torvaniq.shop\/ro64\/wp-content\/uploads\/2026\/02\/allegro-image-14465-300x300.jpg",300,300,true],"woocommerce_single":["https:\/\/torvaniq.shop\/ro64\/wp-content\/uploads\/2026\/02\/allegro-image-14465-600x408.jpg",600,408,true],"woocommerce_gallery_thumbnail":["https:\/\/torvaniq.shop\/ro64\/wp-content\/uploads\/2026\/02\/allegro-image-14465-100x100.jpg",100,100,true]},"uagb_author_info":{"display_name":"admin","author_link":"https:\/\/torvaniq.shop\/ro64\/author\/"},"uagb_comment_info":0,"uagb_excerpt":"VIPER LDS to rower zaprojektowany z my\u015bl\u0105 o tych, kt\u00f3rzy ceni\u0105 sobie precyzj\u0119 i komfort niezale\u017cnie od warunk\u00f3w. Jego starannie opracowana geometria ramy gwarantuje stabilno\u015b\u0107 i wygod\u0119, a komponenty Shimano zapewnia niezawodno\u015b\u0107 na d\u0142ugich trasach. Zaawansowana amortyzacja skutecznie poch\u0142ania nier\u00f3wno\u015bci, natomiast lekkie ko\u0142a umo\u017cliwiaj\u0105 szybkie pokonywanie kilometr\u00f3w. To idealny wyb\u00f3r dla wymagaj\u0105cych rowerzyst\u00f3w, kt\u00f3rzy oczekuj\u0105&hellip;","_links":{"self":[{"href":"https:\/\/torvaniq.shop\/ro64\/wp-json\/wp\/v2\/product\/14465","targetHints":{"allow":["GET"]}}],"collection":[{"href":"https:\/\/torvaniq.shop\/ro64\/wp-json\/wp\/v2\/product"}],"about":[{"href":"https:\/\/torvaniq.shop\/ro64\/wp-json\/wp\/v2\/types\/product"}],"wp:featuredmedia":[{"embeddable":true,"href":"https:\/\/torvaniq.shop\/ro64\/wp-json\/wp\/v2\/media\/14466"}],"wp:attachment":[{"href":"https:\/\/torvaniq.shop\/ro64\/wp-json\/wp\/v2\/media?parent=14465"}],"wp:term":[{"taxonomy":"product_brand","embeddable":true,"href":"https:\/\/torvaniq.shop\/ro64\/wp-json\/wp\/v2\/product_brand?post=14465"},{"taxonomy":"product_cat","embeddable":true,"href":"https:\/\/torvaniq.shop\/ro64\/wp-json\/wp\/v2\/product_cat?post=14465"},{"taxonomy":"product_tag","embeddable":true,"href":"https:\/\/torvaniq.shop\/ro64\/wp-json\/wp\/v2\/product_tag?post=14465"}],"curies":[{"name":"wp","href":"https:\/\/api.w.org\/{rel}","templated":true}]}}