{"id":14413,"date":"2026-02-26T04:36:11","date_gmt":"2026-02-26T03:36:11","guid":{"rendered":"https:\/\/rowermax.shop\/ro64\/produkt\/rower-miejski-lavida-s-1-pudrowy-roz-rama-18-cali-kolo-28-rozowy-insta\/"},"modified":"2026-02-26T04:36:13","modified_gmt":"2026-02-26T03:36:13","slug":"rower-miejski-lavida-s-1-pudrowy-roz-rama-18-cali-kolo-28-rozowy-insta","status":"publish","type":"product","link":"https:\/\/torvaniq.shop\/ro64\/produkt\/rower-miejski-lavida-s-1-pudrowy-roz-rama-18-cali-kolo-28-rozowy-insta\/","title":{"rendered":"Rower miejski Lavida s-1 pudrowy r\u00f3\u017c rama 18 cali ko\u0142o 28 &quot; r\u00f3\u017cowy INSTA"},"content":{"rendered":"<div style=\"font-family: Arial, sans-serif; line-height: 1.6; color: #333; padding: 20px; clear: both; display: block; width: 100%; float: none; position: static; overflow: hidden;\">\n<div style=\"clear: both; display: block; margin: 10px 0;\">\n<div style=\"clear: both; display: block; margin: 10px 0;\">\n<div style=\"clear: both; display: block; margin: 10px 0;\">\n<div  style=\"max-width:800px;max-height:671px\">\n<div style=\"clear: both; display: block; margin: 10px 0;\">\n<div style=\"clear: both; width: 100%; display: block; margin: 20px 0; padding: 0; float: none; position: static; text-align: center;\"><img decoding=\"async\"  src=\"https:\/\/a.allegroimg.com\/original\/11329c\/ec8acaa243fe901fbdf488dfd3a5\/Rower-miejski-Lavida-s-1-pudrowy-roz-rama-18-cali-kolo-28-rozowy-INSTA-Liczba-biegow-1\" srcset=\"https:\/\/a.allegroimg.com\/original\/11329c\/ec8acaa243fe901fbdf488dfd3a5\/Rower-miejski-Lavida-s-1-pudrowy-roz-rama-18-cali-kolo-28-rozowy-INSTA-Liczba-biegow-1 360w,https:\/\/a.allegroimg.com\/original\/11329c\/ec8acaa243fe901fbdf488dfd3a5\/Rower-miejski-Lavida-s-1-pudrowy-roz-rama-18-cali-kolo-28-rozowy-INSTA-Liczba-biegow-1 720w,https:\/\/a.allegroimg.com\/original\/11329c\/ec8acaa243fe901fbdf488dfd3a5\/Rower-miejski-Lavida-s-1-pudrowy-roz-rama-18-cali-kolo-28-rozowy-INSTA-Liczba-biegow-1 800w,https:\/\/a.allegroimg.com\/original\/11329c\/ec8acaa243fe901fbdf488dfd3a5\/Rower-miejski-Lavida-s-1-pudrowy-roz-rama-18-cali-kolo-28-rozowy-INSTA-Liczba-biegow-1 800w\" sizes=\"(min-width: 1200px) 560px, (min-width: 992px) 50vw, 100vw\" width=\"800px\" alt=\"Rower miejski Lavida s-1 pudrowy r\u00f3\u017c rama 18 cali ko\u0142o 28 &amp;quot; r\u00f3\u017cowy INSTA Liczba bieg\u00f3w 1\" style=\"max-width: 100%; height: auto; display: block; margin: 0 auto;\"><\/div>\n<\/div>\n<\/div>\n<\/div>\n<\/div>\n<div style=\"clear: both; display: block; margin: 10px 0;\">\n<div style=\"clear: both; display: block; margin: 10px 0;\">\n<h2>Dlaczego warto wybra\u0107 ten rower? \u2764\ufe0f\u200d\u2764\ufe0f\u200d<\/h2>\n<p style=\"margin: 15px 0; line-height: 1.8; clear: both; display: block; width: 100%; float: none; position: static;\">\u27af&nbsp;<b>Idealny do miasta i rekreacyjnych przeja\u017cd\u017cek<\/b>&nbsp;\u2013 \u015bwietnie sprawdzi si\u0119 na asfaltowych drogach i brukowanych alejkach dzi\u0119ki du\u017cym 28 calowym ko\u0142om.<\/p>\n<p style=\"margin: 15px 0; line-height: 1.8; clear: both; display: block; width: 100%; float: none; position: static;\">\u27af&nbsp;<b>Klasyczna konstrukcja z nisk\u0105 ram\u0105<\/b>&nbsp;\u2013 u\u0142atwia wsiadanie i zapewnia wyprostowan\u0105, ergonomiczn\u0105 naturaln\u0105 pozycj\u0119 podczas jazdy.<\/p>\n<p style=\"margin: 15px 0; line-height: 1.8; clear: both; display: block; width: 100%; float: none; position: static;\">\u27b1&nbsp;<b>Regulowana kierownica i siode\u0142ko&nbsp;<\/b>&#8211; mo\u017cliwo\u015b\u0107 dopasowania wysoko\u015bci&nbsp;zapewnia wygod\u0119 niezale\u017cnie od wzrostu u\u017cytkownika.<\/p>\n<p style=\"margin: 15px 0; line-height: 1.8; clear: both; display: block; width: 100%; float: none; position: static;\">\u27b1&nbsp;<b>Wysokiej jako\u015bci hamulce<\/b>&nbsp;V-brake + tylny Torpedo&nbsp;zapewniaj\u0105&nbsp;pewne i skuteczne zatrzymywanie roweru.<\/p>\n<p style=\"margin: 15px 0; line-height: 1.8; clear: both; display: block; width: 100%; float: none; position: static;\">\u27af&nbsp;<b>Wygodne, szerokie siode\u0142ko na spr\u0119\u017cynach<\/b>&nbsp;\u2013 doskona\u0142a amortyzacja i komfort nawet podczas d\u0142u\u017cszych tras.<\/p>\n<p style=\"margin: 15px 0; line-height: 1.8; clear: both; display: block; width: 100%; float: none; position: static;\">\u27af&nbsp;<b>Pe\u0142ne wyposa\u017cenie&nbsp;<\/b>&#8211;<b>&nbsp;<\/b>b\u0142otniki, baga\u017cnik, os\u0142ona \u0142a\u0144cucha i stopka w zestawie.<\/p>\n<p style=\"margin: 15px 0; line-height: 1.8; clear: both; display: block; width: 100%; float: none; position: static;\">\u27af&nbsp;<b>O\u015bwietlenie LED<\/b>&nbsp;\u2013 zwi\u0119ksza bezpiecze\u0144stwo po zmroku.<\/p>\n<\/div>\n<\/div>\n<\/div>\n<div style=\"clear: both; display: block; margin: 10px 0;\">\n<div style=\"clear: both; display: block; margin: 10px 0;\">\n<div style=\"clear: both; display: block; margin: 10px 0;\">\n<h2>SPECYFIKACJA:<\/h2>\n<ul style=\"margin: 15px 0; padding-left: 20px; clear: both; display: block; width: 100%; float: none; position: static;\">\n<li style=\"margin: 5px 0; padding: 2px 0; clear: both; display: list-item; float: none; position: static;\"><b>Produkcja: Polska<\/b><\/li>\n<li style=\"margin: 5px 0; padding: 2px 0; clear: both; display: list-item; float: none; position: static;\"><b>Rama: Stalowa, solidna i stylowa<\/b><\/li>\n<li style=\"margin: 5px 0; padding: 2px 0; clear: both; display: list-item; float: none; position: static;\"><b>Liczba bieg\u00f3w:&nbsp;1<\/b><\/li>\n<li style=\"margin: 5px 0; padding: 2px 0; clear: both; display: list-item; float: none; position: static;\"><b>Rozmiar ramy [cal]: 18<\/b><\/li>\n<li style=\"margin: 5px 0; padding: 2px 0; clear: both; display: list-item; float: none; position: static;\"><b>Rozmiar ko\u0142a [cal]:&nbsp;28<\/b><\/li>\n<li style=\"margin: 5px 0; padding: 2px 0; clear: both; display: list-item; float: none; position: static;\"><b>Hamulce: Torpedo(w nogach) + V-brake(w r\u0105czce)<\/b><\/li>\n<li style=\"margin: 5px 0; padding: 2px 0; clear: both; display: list-item; float: none; position: static;\"><b>O\u015bwietlenie: Lampki LED na baterie<\/b><\/li>\n<li style=\"margin: 5px 0; padding: 2px 0; clear: both; display: list-item; float: none; position: static;\"><b>Typ obr\u0119czy: Aluminiowe wzmacniane w kolorze srebrnym<\/b><\/li>\n<li style=\"margin: 5px 0; padding: 2px 0; clear: both; display: list-item; float: none; position: static;\"><b>Kierownica: Profilowana stalowa<\/b><\/li>\n<li style=\"margin: 5px 0; padding: 2px 0; clear: both; display: list-item; float: none; position: static;\"><b>Peda\u0142y: Antypo\u015blizgowe z odblaskami<\/b><\/li>\n<li style=\"margin: 5px 0; padding: 2px 0; clear: both; display: list-item; float: none; position: static;\"><b>Os\u0142ona \u0142a\u0144cucha: Pe\u0142na plastikowa<\/b><\/li>\n<li style=\"margin: 5px 0; padding: 2px 0; clear: both; display: list-item; float: none; position: static;\"><b>B\u0142otniki: Metalowe<\/b><\/li>\n<li style=\"margin: 5px 0; padding: 2px 0; clear: both; display: list-item; float: none; position: static;\"><b>Siedzenie: Wygodne, szerokie, na spr\u0119\u017cynie<\/b><\/li>\n<li style=\"margin: 5px 0; padding: 2px 0; clear: both; display: list-item; float: none; position: static;\"><b>Baga\u017cnik: Stalowy<\/b><\/li>\n<li style=\"margin: 5px 0; padding: 2px 0; clear: both; display: list-item; float: none; position: static;\"><b>Kolor: R\u00f3\u017cowy na bia\u0142ych oponach<\/b><\/li>\n<\/ul>\n<\/div>\n<\/div>\n<\/div>\n<div style=\"clear: both; display: block; margin: 10px 0;\">\n<div style=\"clear: both; display: block; margin: 10px 0;\">\n<div style=\"clear: both; display: block; margin: 10px 0;\">\n<div  style=\"max-width:2560px;max-height:1706px\">\n<div style=\"clear: both; display: block; margin: 10px 0;\">\n<div style=\"clear: both; width: 100%; display: block; margin: 20px 0; padding: 0; float: none; position: static; text-align: center;\"><img decoding=\"async\"  src=\"https:\/\/a.allegroimg.com\/original\/110600\/654550b640b3ade86f3b886e58b0\/Rower-miejski-Lavida-s-1-pudrowy-roz-rama-18-cali-kolo-28-rozowy-INSTA-Kolor-rozowy\" srcset=\"https:\/\/a.allegroimg.com\/original\/110600\/654550b640b3ade86f3b886e58b0\/Rower-miejski-Lavida-s-1-pudrowy-roz-rama-18-cali-kolo-28-rozowy-INSTA-Kolor-rozowy 360w,https:\/\/a.allegroimg.com\/original\/110600\/654550b640b3ade86f3b886e58b0\/Rower-miejski-Lavida-s-1-pudrowy-roz-rama-18-cali-kolo-28-rozowy-INSTA-Kolor-rozowy 720w,https:\/\/a.allegroimg.com\/original\/110600\/654550b640b3ade86f3b886e58b0\/Rower-miejski-Lavida-s-1-pudrowy-roz-rama-18-cali-kolo-28-rozowy-INSTA-Kolor-rozowy 1024w,https:\/\/a.allegroimg.com\/original\/110600\/654550b640b3ade86f3b886e58b0\/Rower-miejski-Lavida-s-1-pudrowy-roz-rama-18-cali-kolo-28-rozowy-INSTA-Kolor-rozowy 1440w,https:\/\/a.allegroimg.com\/original\/110600\/654550b640b3ade86f3b886e58b0\/Rower-miejski-Lavida-s-1-pudrowy-roz-rama-18-cali-kolo-28-rozowy-INSTA-Kolor-rozowy 2560w\" sizes=\"(min-width: 1200px) 560px, (min-width: 992px) 50vw, 100vw\" width=\"2560px\" alt=\"Rower miejski Lavida s-1 pudrowy r\u00f3\u017c rama 18 cali ko\u0142o 28 &amp;quot; r\u00f3\u017cowy INSTA Kolor r\u00f3\u017cowy\" style=\"max-width: 100%; height: auto; display: block; margin: 0 auto;\"><\/div>\n<\/div>\n<\/div>\n<\/div>\n<\/div>\n<div style=\"clear: both; display: block; margin: 10px 0;\">\n<div style=\"clear: both; display: block; margin: 10px 0;\">\n<h3 style=\"color: #2c5aa0; font-size: 18px; margin: 30px 0 15px 0; font-weight: bold; clear: both; display: block; width: 100%; float: none; position: static;\">OS\u0141ONA \u0141A\u0143CUCHA<\/h3>\n<h3 style=\"color: #2c5aa0; font-size: 18px; margin: 30px 0 15px 0; font-weight: bold; clear: both; display: block; width: 100%; float: none; position: static;\">O\u015aWIETLENIE LED<\/h3>\n<p style=\"margin: 15px 0; line-height: 1.8; clear: both; display: block; width: 100%; float: none; position: static;\">Widoczno\u015b\u0107 po zmroku jest bardzo wa\u017cna. Nasz rower wyposa\u017cony jest w lamp\u0119 z diod\u0105 Led, kt\u00f3ra skutecznie o\u015bwietli Ci drog\u0119. Jest to \u015bwietna inicjatywa dla obci\u0105\u017caj\u0105cego ko\u0142o dynama<\/p>\n<h3 style=\"color: #2c5aa0; font-size: 18px; margin: 30px 0 15px 0; font-weight: bold; clear: both; display: block; width: 100%; float: none; position: static;\">SZEROKIE SIOD\u0141O NA SPR\u0118\u017bYNIE<\/h3>\n<h3 style=\"color: #2c5aa0; font-size: 18px; margin: 30px 0 15px 0; font-weight: bold; clear: both; display: block; width: 100%; float: none; position: static;\">Szerokie siode\u0142ko ze spr\u0119\u017cyn\u0105 zosta\u0142o stworzone z my\u015bl\u0105 o zwi\u0119kszeniu wygody w czasie jazdy<\/h3>\n<\/div>\n<\/div>\n<\/div>\n<div style=\"clear: both; display: block; margin: 10px 0;\">\n<div style=\"clear: both; display: block; margin: 10px 0;\">\n<div style=\"clear: both; display: block; margin: 10px 0;\">\n<div  style=\"max-width:2560px;max-height:1706px\">\n<div style=\"clear: both; display: block; margin: 10px 0;\">\n<div style=\"clear: both; width: 100%; display: block; margin: 20px 0; padding: 0; float: none; position: static; text-align: center;\"><img decoding=\"async\"  src=\"https:\/\/a.allegroimg.com\/original\/117871\/5e38fa3f4ba285c4ace9f8f625bd\/Rower-miejski-Lavida-s-1-pudrowy-roz-rama-18-cali-kolo-28-rozowy-INSTA-Kod-producenta-3252-de729\" srcset=\"https:\/\/a.allegroimg.com\/original\/117871\/5e38fa3f4ba285c4ace9f8f625bd\/Rower-miejski-Lavida-s-1-pudrowy-roz-rama-18-cali-kolo-28-rozowy-INSTA-Kod-producenta-3252-de729 360w,https:\/\/a.allegroimg.com\/original\/117871\/5e38fa3f4ba285c4ace9f8f625bd\/Rower-miejski-Lavida-s-1-pudrowy-roz-rama-18-cali-kolo-28-rozowy-INSTA-Kod-producenta-3252-de729 720w,https:\/\/a.allegroimg.com\/original\/117871\/5e38fa3f4ba285c4ace9f8f625bd\/Rower-miejski-Lavida-s-1-pudrowy-roz-rama-18-cali-kolo-28-rozowy-INSTA-Kod-producenta-3252-de729 1024w,https:\/\/a.allegroimg.com\/original\/117871\/5e38fa3f4ba285c4ace9f8f625bd\/Rower-miejski-Lavida-s-1-pudrowy-roz-rama-18-cali-kolo-28-rozowy-INSTA-Kod-producenta-3252-de729 1440w,https:\/\/a.allegroimg.com\/original\/117871\/5e38fa3f4ba285c4ace9f8f625bd\/Rower-miejski-Lavida-s-1-pudrowy-roz-rama-18-cali-kolo-28-rozowy-INSTA-Kod-producenta-3252-de729 2560w\" sizes=\"(min-width: 1200px) 560px, (min-width: 992px) 50vw, 100vw\" width=\"2560px\" alt=\"Rower miejski Lavida s-1 pudrowy r\u00f3\u017c rama 18 cali ko\u0142o 28 &amp;quot; r\u00f3\u017cowy INSTA Kod producenta 3252-de729\" style=\"max-width: 100%; height: auto; display: block; margin: 0 auto;\"><\/div>\n<\/div>\n<\/div>\n<\/div>\n<\/div>\n<div style=\"clear: both; display: block; margin: 10px 0;\">\n<div style=\"clear: both; display: block; margin: 10px 0;\">\n<div  style=\"max-width:2560px;max-height:1706px\">\n<div style=\"clear: both; display: block; margin: 10px 0;\">\n<div style=\"clear: both; width: 100%; display: block; margin: 20px 0; padding: 0; float: none; position: static; text-align: center;\"><img decoding=\"async\"  src=\"https:\/\/a.allegroimg.com\/original\/11dd34\/e812715d4ac487d65c56736faa38\/Rower-miejski-Lavida-s-1-pudrowy-roz-rama-18-cali-kolo-28-rozowy-INSTA-Model-s-1-pudrowy-roz\" srcset=\"https:\/\/a.allegroimg.com\/original\/11dd34\/e812715d4ac487d65c56736faa38\/Rower-miejski-Lavida-s-1-pudrowy-roz-rama-18-cali-kolo-28-rozowy-INSTA-Model-s-1-pudrowy-roz 360w,https:\/\/a.allegroimg.com\/original\/11dd34\/e812715d4ac487d65c56736faa38\/Rower-miejski-Lavida-s-1-pudrowy-roz-rama-18-cali-kolo-28-rozowy-INSTA-Model-s-1-pudrowy-roz 720w,https:\/\/a.allegroimg.com\/original\/11dd34\/e812715d4ac487d65c56736faa38\/Rower-miejski-Lavida-s-1-pudrowy-roz-rama-18-cali-kolo-28-rozowy-INSTA-Model-s-1-pudrowy-roz 1024w,https:\/\/a.allegroimg.com\/original\/11dd34\/e812715d4ac487d65c56736faa38\/Rower-miejski-Lavida-s-1-pudrowy-roz-rama-18-cali-kolo-28-rozowy-INSTA-Model-s-1-pudrowy-roz 1440w,https:\/\/a.allegroimg.com\/original\/11dd34\/e812715d4ac487d65c56736faa38\/Rower-miejski-Lavida-s-1-pudrowy-roz-rama-18-cali-kolo-28-rozowy-INSTA-Model-s-1-pudrowy-roz 2560w\" sizes=\"(min-width: 1200px) 560px, (min-width: 992px) 50vw, 100vw\" width=\"2560px\" alt=\"Rower miejski Lavida s-1 pudrowy r\u00f3\u017c rama 18 cali ko\u0142o 28 &amp;quot; r\u00f3\u017cowy INSTA Model s-1 pudrowy r\u00f3\u017c\" style=\"max-width: 100%; height: auto; display: block; margin: 0 auto;\"><\/div>\n<\/div>\n<\/div>\n<\/div>\n<\/div>\n<\/div>\n<div style=\"clear: both; display: block; margin: 10px 0;\">\n<div style=\"clear: both; display: block; margin: 10px 0;\">\n<div style=\"clear: both; display: block; margin: 10px 0;\">\n<div  style=\"max-width:2560px;max-height:1706px\">\n<div style=\"clear: both; display: block; margin: 10px 0;\">\n<div style=\"clear: both; width: 100%; display: block; margin: 20px 0; padding: 0; float: none; position: static; text-align: center;\"><img decoding=\"async\"  src=\"https:\/\/a.allegroimg.com\/original\/113788\/703bcf484f8fb2605f1f0ae134b4\/Rower-miejski-Lavida-s-1-pudrowy-roz-rama-18-cali-kolo-28-rozowy-INSTA-Material-ramy-stal\" srcset=\"https:\/\/a.allegroimg.com\/original\/113788\/703bcf484f8fb2605f1f0ae134b4\/Rower-miejski-Lavida-s-1-pudrowy-roz-rama-18-cali-kolo-28-rozowy-INSTA-Material-ramy-stal 360w,https:\/\/a.allegroimg.com\/original\/113788\/703bcf484f8fb2605f1f0ae134b4\/Rower-miejski-Lavida-s-1-pudrowy-roz-rama-18-cali-kolo-28-rozowy-INSTA-Material-ramy-stal 720w,https:\/\/a.allegroimg.com\/original\/113788\/703bcf484f8fb2605f1f0ae134b4\/Rower-miejski-Lavida-s-1-pudrowy-roz-rama-18-cali-kolo-28-rozowy-INSTA-Material-ramy-stal 1024w,https:\/\/a.allegroimg.com\/original\/113788\/703bcf484f8fb2605f1f0ae134b4\/Rower-miejski-Lavida-s-1-pudrowy-roz-rama-18-cali-kolo-28-rozowy-INSTA-Material-ramy-stal 1440w,https:\/\/a.allegroimg.com\/original\/113788\/703bcf484f8fb2605f1f0ae134b4\/Rower-miejski-Lavida-s-1-pudrowy-roz-rama-18-cali-kolo-28-rozowy-INSTA-Material-ramy-stal 2560w\" sizes=\"(min-width: 1200px) 560px, (min-width: 992px) 50vw, 100vw\" width=\"2560px\" alt=\"Rower miejski Lavida s-1 pudrowy r\u00f3\u017c rama 18 cali ko\u0142o 28 &amp;quot; r\u00f3\u017cowy INSTA Materia\u0142 ramy stal\" style=\"max-width: 100%; height: auto; display: block; margin: 0 auto;\"><\/div>\n<\/div>\n<\/div>\n<\/div>\n<\/div>\n<div style=\"clear: both; display: block; margin: 10px 0;\">\n<div style=\"clear: both; display: block; margin: 10px 0;\">\n<h2>Po otrzymaniu roweru nale\u017cy:<\/h2>\n<p style=\"margin: 15px 0; line-height: 1.8; clear: both; display: block; width: 100%; float: none; position: static;\">&#8211; dokr\u0119ci\u0107 kierownic\u0119, siode\u0142ko, peda\u0142y, przednie ko\u0142o z b\u0142otnikiem do wst\u0119pnie z\u0142o\u017conego roweru<\/p>\n<\/div>\n<\/div>\n<\/div>\n<div style=\"clear: both; display: block; margin: 10px 0;\">\n<div style=\"clear: both; display: block; margin: 10px 0;\">\n<div style=\"clear: both; display: block; margin: 10px 0;\">\n<div  style=\"max-width:2560px;max-height:1706px\">\n<div style=\"clear: both; display: block; margin: 10px 0;\">\n<div style=\"clear: both; width: 100%; display: block; margin: 20px 0; padding: 0; float: none; position: static; text-align: center;\"><img decoding=\"async\"  src=\"https:\/\/a.allegroimg.com\/original\/1127e8\/440fe6f84ef4bf0702ee345e1834\/Rower-miejski-Lavida-s-1-pudrowy-roz-rama-18-cali-kolo-28-rozowy-INSTA-Rozmiar-ramy-18-cali\" srcset=\"https:\/\/a.allegroimg.com\/original\/1127e8\/440fe6f84ef4bf0702ee345e1834\/Rower-miejski-Lavida-s-1-pudrowy-roz-rama-18-cali-kolo-28-rozowy-INSTA-Rozmiar-ramy-18-cali 360w,https:\/\/a.allegroimg.com\/original\/1127e8\/440fe6f84ef4bf0702ee345e1834\/Rower-miejski-Lavida-s-1-pudrowy-roz-rama-18-cali-kolo-28-rozowy-INSTA-Rozmiar-ramy-18-cali 720w,https:\/\/a.allegroimg.com\/original\/1127e8\/440fe6f84ef4bf0702ee345e1834\/Rower-miejski-Lavida-s-1-pudrowy-roz-rama-18-cali-kolo-28-rozowy-INSTA-Rozmiar-ramy-18-cali 1024w,https:\/\/a.allegroimg.com\/original\/1127e8\/440fe6f84ef4bf0702ee345e1834\/Rower-miejski-Lavida-s-1-pudrowy-roz-rama-18-cali-kolo-28-rozowy-INSTA-Rozmiar-ramy-18-cali 1440w,https:\/\/a.allegroimg.com\/original\/1127e8\/440fe6f84ef4bf0702ee345e1834\/Rower-miejski-Lavida-s-1-pudrowy-roz-rama-18-cali-kolo-28-rozowy-INSTA-Rozmiar-ramy-18-cali 2560w\" sizes=\"(min-width: 1200px) 560px, (min-width: 992px) 50vw, 100vw\" width=\"2560px\" alt=\"Rower miejski Lavida s-1 pudrowy r\u00f3\u017c rama 18 cali ko\u0142o 28 &amp;quot; r\u00f3\u017cowy INSTA Rozmiar ramy 18 cali\" style=\"max-width: 100%; height: auto; display: block; margin: 0 auto;\"><\/div>\n<\/div>\n<\/div>\n<\/div>\n<\/div>\n<div style=\"clear: both; display: block; margin: 10px 0;\">\n<div style=\"clear: both; display: block; margin: 10px 0;\">\n<p style=\"margin: 15px 0; line-height: 1.8; clear: both; display: block; width: 100%; float: none; position: static;\">Pe\u0142na os\u0142ona \u0142a\u0144cucha<\/p>\n<\/div>\n<\/div>\n<\/div>\n<div style=\"clear: both; display: block; margin: 10px 0;\">\n<div style=\"clear: both; display: block; margin: 10px 0;\">\n<div style=\"clear: both; display: block; margin: 10px 0;\">\n<div  style=\"max-width:1706px;max-height:2560px\">\n<div style=\"clear: both; display: block; margin: 10px 0;\">\n<div style=\"clear: both; width: 100%; display: block; margin: 20px 0; padding: 0; float: none; position: static; text-align: center;\"><img decoding=\"async\"  src=\"https:\/\/a.allegroimg.com\/original\/119b49\/9664b35c4f858e31e46b8fe9fdd5\/Rower-miejski-Lavida-s-1-pudrowy-roz-rama-18-cali-kolo-28-rozowy-INSTA-Marka-Lavida\" srcset=\"https:\/\/a.allegroimg.com\/original\/119b49\/9664b35c4f858e31e46b8fe9fdd5\/Rower-miejski-Lavida-s-1-pudrowy-roz-rama-18-cali-kolo-28-rozowy-INSTA-Marka-Lavida 239w,https:\/\/a.allegroimg.com\/original\/119b49\/9664b35c4f858e31e46b8fe9fdd5\/Rower-miejski-Lavida-s-1-pudrowy-roz-rama-18-cali-kolo-28-rozowy-INSTA-Marka-Lavida 479w,https:\/\/a.allegroimg.com\/original\/119b49\/9664b35c4f858e31e46b8fe9fdd5\/Rower-miejski-Lavida-s-1-pudrowy-roz-rama-18-cali-kolo-28-rozowy-INSTA-Marka-Lavida 682w,https:\/\/a.allegroimg.com\/original\/119b49\/9664b35c4f858e31e46b8fe9fdd5\/Rower-miejski-Lavida-s-1-pudrowy-roz-rama-18-cali-kolo-28-rozowy-INSTA-Marka-Lavida 959w,https:\/\/a.allegroimg.com\/original\/119b49\/9664b35c4f858e31e46b8fe9fdd5\/Rower-miejski-Lavida-s-1-pudrowy-roz-rama-18-cali-kolo-28-rozowy-INSTA-Marka-Lavida 1706w\" sizes=\"100vw\" width=\"1706px\" alt=\"Rower miejski Lavida s-1 pudrowy r\u00f3\u017c rama 18 cali ko\u0142o 28 &amp;quot; r\u00f3\u017cowy INSTA Marka Lavida\" style=\"max-width: 100%; height: auto; display: block; margin: 0 auto;\"><\/div>\n<\/div>\n<\/div>\n<\/div>\n<\/div>\n<\/div>\n<\/div>\n<\/div>\n<\/div>\n<div style=\"clear: both; display: block; margin: 10px 0;\">\n","protected":false},"excerpt":{"rendered":"<p>Dlaczego warto wybra\u0107 ten rower? \u2764\ufe0f\u200d\u2764\ufe0f\u200d<\/p>\n<p>\u27af&nbsp;Idealny do miasta i rekreacyjnych przeja\u017cd\u017cek&nbsp;\u2013 \u015bwietnie sprawdzi si\u0119 na asfaltowych drogach i brukowanych alejkach dzi\u0119ki du\u017cym 28 calowym ko\u0142om.<\/p>\n<p>\u27af&nbsp;Klasyczna konstrukcja z nisk\u0105 ram\u0105&nbsp;\u2013 u\u0142atwia wsiadanie i zapewnia wyprostowan\u0105, ergonomiczn\u0105 naturaln\u0105 pozycj\u0119 podczas jazdy.<\/p>\n<p>\u27b1&nbsp;Regulowana kierownica i siode\u0142ko&nbsp;&#8211; mo\u017cliwo\u015b\u0107 dopasowania wysoko\u015bci&nbsp;zapewnia wygod\u0119 niezale\u017cnie od wzrostu u\u017cytkownika.<\/p>\n","protected":false},"featured_media":14414,"template":"","meta":{"_uag_custom_page_level_css":""},"product_brand":[718],"product_cat":[714,688,687],"product_tag":[],"class_list":{"0":"post-14413","1":"product","2":"type-product","3":"status-publish","4":"has-post-thumbnail","6":"product_brand-lavida","7":"product_cat-miejskie","8":"product_cat-rowery","9":"product_cat-rowery-i-akcesoria","11":"first","12":"instock","13":"sale","14":"shipping-taxable","15":"purchasable","16":"product-type-simple"},"uagb_featured_image_src":{"full":["https:\/\/torvaniq.shop\/ro64\/wp-content\/uploads\/2026\/02\/allegro-image-14413.jpg",2200,1496,false],"thumbnail":["https:\/\/torvaniq.shop\/ro64\/wp-content\/uploads\/2026\/02\/allegro-image-14413-150x150.jpg",150,150,true],"medium":["https:\/\/torvaniq.shop\/ro64\/wp-content\/uploads\/2026\/02\/allegro-image-14413-300x204.jpg",300,204,true],"medium_large":["https:\/\/torvaniq.shop\/ro64\/wp-content\/uploads\/2026\/02\/allegro-image-14413-768x522.jpg",768,522,true],"large":["https:\/\/torvaniq.shop\/ro64\/wp-content\/uploads\/2026\/02\/allegro-image-14413-1024x696.jpg",1024,696,true],"1536x1536":["https:\/\/torvaniq.shop\/ro64\/wp-content\/uploads\/2026\/02\/allegro-image-14413-1536x1044.jpg",1536,1044,true],"2048x2048":["https:\/\/torvaniq.shop\/ro64\/wp-content\/uploads\/2026\/02\/allegro-image-14413-2048x1393.jpg",2048,1393,true],"woocommerce_thumbnail":["https:\/\/torvaniq.shop\/ro64\/wp-content\/uploads\/2026\/02\/allegro-image-14413-300x300.jpg",300,300,true],"woocommerce_single":["https:\/\/torvaniq.shop\/ro64\/wp-content\/uploads\/2026\/02\/allegro-image-14413-600x408.jpg",600,408,true],"woocommerce_gallery_thumbnail":["https:\/\/torvaniq.shop\/ro64\/wp-content\/uploads\/2026\/02\/allegro-image-14413-100x100.jpg",100,100,true]},"uagb_author_info":{"display_name":"admin","author_link":"https:\/\/torvaniq.shop\/ro64\/author\/"},"uagb_comment_info":0,"uagb_excerpt":"Dlaczego warto wybra\u0107 ten rower? \u2764\ufe0f\u200d\u2764\ufe0f\u200d \u27af&nbsp;Idealny do miasta i rekreacyjnych przeja\u017cd\u017cek&nbsp;\u2013 \u015bwietnie sprawdzi si\u0119 na asfaltowych drogach i brukowanych alejkach dzi\u0119ki du\u017cym 28 calowym ko\u0142om. \u27af&nbsp;Klasyczna konstrukcja z nisk\u0105 ram\u0105&nbsp;\u2013 u\u0142atwia wsiadanie i zapewnia wyprostowan\u0105, ergonomiczn\u0105 naturaln\u0105 pozycj\u0119 podczas jazdy. \u27b1&nbsp;Regulowana kierownica i siode\u0142ko&nbsp;- mo\u017cliwo\u015b\u0107 dopasowania wysoko\u015bci&nbsp;zapewnia wygod\u0119 niezale\u017cnie od wzrostu u\u017cytkownika.","_links":{"self":[{"href":"https:\/\/torvaniq.shop\/ro64\/wp-json\/wp\/v2\/product\/14413","targetHints":{"allow":["GET"]}}],"collection":[{"href":"https:\/\/torvaniq.shop\/ro64\/wp-json\/wp\/v2\/product"}],"about":[{"href":"https:\/\/torvaniq.shop\/ro64\/wp-json\/wp\/v2\/types\/product"}],"wp:featuredmedia":[{"embeddable":true,"href":"https:\/\/torvaniq.shop\/ro64\/wp-json\/wp\/v2\/media\/14414"}],"wp:attachment":[{"href":"https:\/\/torvaniq.shop\/ro64\/wp-json\/wp\/v2\/media?parent=14413"}],"wp:term":[{"taxonomy":"product_brand","embeddable":true,"href":"https:\/\/torvaniq.shop\/ro64\/wp-json\/wp\/v2\/product_brand?post=14413"},{"taxonomy":"product_cat","embeddable":true,"href":"https:\/\/torvaniq.shop\/ro64\/wp-json\/wp\/v2\/product_cat?post=14413"},{"taxonomy":"product_tag","embeddable":true,"href":"https:\/\/torvaniq.shop\/ro64\/wp-json\/wp\/v2\/product_tag?post=14413"}],"curies":[{"name":"wp","href":"https:\/\/api.w.org\/{rel}","templated":true}]}}