{"id":14311,"date":"2026-02-26T04:34:49","date_gmt":"2026-02-26T03:34:49","guid":{"rendered":"https:\/\/rowermax.shop\/ro64\/produkt\/rower-dzieciecy-gorski-olpran-boston-disc-20-shimano\/"},"modified":"2026-02-26T04:34:52","modified_gmt":"2026-02-26T03:34:52","slug":"rower-dzieciecy-gorski-olpran-boston-disc-20-shimano","status":"publish","type":"product","link":"https:\/\/torvaniq.shop\/ro64\/produkt\/rower-dzieciecy-gorski-olpran-boston-disc-20-shimano\/","title":{"rendered":"ROWER DZIECI\u0118CY G\u00d3RSKI OLPRAN BOSTON DISC 20&quot; , SHIMANO"},"content":{"rendered":"<div style=\"font-family: Arial, sans-serif; line-height: 1.6; color: #333; padding: 20px; clear: both; display: block; width: 100%; float: none; position: static; overflow: hidden;\">\n<div style=\"clear: both; display: block; margin: 10px 0;\">\n<div style=\"clear: both; display: block; margin: 10px 0;\">\n<div style=\"clear: both; display: block; margin: 10px 0;\">\n<div  style=\"max-width:225px;max-height:225px\">\n<div style=\"clear: both; display: block; margin: 10px 0;\">\n<div style=\"clear: both; width: 100%; display: block; margin: 20px 0; padding: 0; float: none; position: static; text-align: center;\"><img decoding=\"async\"  src=\"https:\/\/a.allegroimg.com\/original\/11be91\/62a0bf0e4971bab7c48820f6a343\/ROWER-DZIECIECY-GORSKI-OLPRAN-BOSTON-DISC-20-SHIMANO-Wiek-dziecka-6-lat\" srcset=\"https:\/\/a.allegroimg.com\/original\/11be91\/62a0bf0e4971bab7c48820f6a343\/ROWER-DZIECIECY-GORSKI-OLPRAN-BOSTON-DISC-20-SHIMANO-Wiek-dziecka-6-lat 225w,https:\/\/a.allegroimg.com\/original\/11be91\/62a0bf0e4971bab7c48820f6a343\/ROWER-DZIECIECY-GORSKI-OLPRAN-BOSTON-DISC-20-SHIMANO-Wiek-dziecka-6-lat 225w\" sizes=\"100vw\" width=\"225px\" alt=\"ROWER DZIECI\u0118CY G\u00d3RSKI OLPRAN BOSTON DISC 20&amp;quot; , SHIMANO Wiek dziecka 6 lat +\" style=\"max-width: 100%; height: auto; display: block; margin: 0 auto;\"><\/div>\n<\/div>\n<\/div>\n<\/div>\n<\/div>\n<\/div>\n<div style=\"clear: both; display: block; margin: 10px 0;\">\n<div style=\"clear: both; display: block; margin: 10px 0;\">\n<div style=\"clear: both; display: block; margin: 10px 0;\">\n<div  style=\"max-width:2560px;max-height:2463px\">\n<div style=\"clear: both; display: block; margin: 10px 0;\">\n<div style=\"clear: both; width: 100%; display: block; margin: 20px 0; padding: 0; float: none; position: static; text-align: center;\"><img decoding=\"async\"  src=\"https:\/\/a.allegroimg.com\/original\/11738d\/799a2fd54d38a1089e605e467fce\/ROWER-DZIECIECY-GORSKI-OLPRAN-BOSTON-DISC-20-SHIMANO\" srcset=\"https:\/\/a.allegroimg.com\/original\/11738d\/799a2fd54d38a1089e605e467fce\/ROWER-DZIECIECY-GORSKI-OLPRAN-BOSTON-DISC-20-SHIMANO 360w,https:\/\/a.allegroimg.com\/original\/11738d\/799a2fd54d38a1089e605e467fce\/ROWER-DZIECIECY-GORSKI-OLPRAN-BOSTON-DISC-20-SHIMANO 720w,https:\/\/a.allegroimg.com\/original\/11738d\/799a2fd54d38a1089e605e467fce\/ROWER-DZIECIECY-GORSKI-OLPRAN-BOSTON-DISC-20-SHIMANO 1024w,https:\/\/a.allegroimg.com\/original\/11738d\/799a2fd54d38a1089e605e467fce\/ROWER-DZIECIECY-GORSKI-OLPRAN-BOSTON-DISC-20-SHIMANO 1440w,https:\/\/a.allegroimg.com\/original\/11738d\/799a2fd54d38a1089e605e467fce\/ROWER-DZIECIECY-GORSKI-OLPRAN-BOSTON-DISC-20-SHIMANO 2560w\" sizes=\"(min-width: 1200px) 560px, (min-width: 992px) 50vw, 100vw\" width=\"2560px\" alt=\"ROWER DZIECI\u0118CY G\u00d3RSKI OLPRAN BOSTON DISC 20&amp;quot; , SHIMANO\" style=\"max-width: 100%; height: auto; display: block; margin: 0 auto;\"><\/div>\n<\/div>\n<\/div>\n<\/div>\n<\/div>\n<div style=\"clear: both; display: block; margin: 10px 0;\">\n<div style=\"clear: both; display: block; margin: 10px 0;\">\n<h1>ROWER OLPRAN BOSTON 20&#8243;<\/h1>\n<h3 style=\"color: #2c5aa0; font-size: 18px; margin: 30px 0 15px 0; font-weight: bold; clear: both; display: block; width: 100%; float: none; position: static;\">SPECYFIKACJA:<\/h3>\n<ul style=\"margin: 15px 0; padding-left: 20px; clear: both; display: block; width: 100%; float: none; position: static;\">\n<li style=\"margin: 5px 0; padding: 2px 0; clear: both; display: list-item; float: none; position: static;\">Rama: &#8211; 13&#8243;<\/li>\n<li style=\"margin: 5px 0; padding: 2px 0; clear: both; display: list-item; float: none; position: static;\">Manetka ty\u0142 &#8211; Shimano Revoshift<\/li>\n<li style=\"margin: 5px 0; padding: 2px 0; clear: both; display: list-item; float: none; position: static;\">Przerzutka ty\u0142 &#8211; Shimano Tourney<\/li>\n<li style=\"margin: 5px 0; padding: 2px 0; clear: both; display: list-item; float: none; position: static;\">Ilo\u015b\u0107 bieg\u00f3w &#8211; 6<\/li>\n<li style=\"margin: 5px 0; padding: 2px 0; clear: both; display: list-item; float: none; position: static;\">Kaseta \/ wolnobieg &#8211; Shimano<\/li>\n<li style=\"margin: 5px 0; padding: 2px 0; clear: both; display: list-item; float: none; position: static;\">Opony &#8211; 20 &#8222;x 2,1<\/li>\n<li style=\"margin: 5px 0; padding: 2px 0; clear: both; display: list-item; float: none; position: static;\">Hamulec prz\u00f3d \/ ty\u0142 &#8211; tarczowe mechaniczne<\/li>\n<li style=\"margin: 5px 0; padding: 2px 0; clear: both; display: list-item; float: none; position: static;\">Widelec &#8211; przedni amortyzowany<\/li>\n<li style=\"margin: 5px 0; padding: 2px 0; clear: both; display: list-item; float: none; position: static;\">Obr\u0119cze &#8211; aluminiowe<\/li>\n<li style=\"margin: 5px 0; padding: 2px 0; clear: both; display: list-item; float: none; position: static;\">Waga roweru &#8211; 12 kg<\/li>\n<li style=\"margin: 5px 0; padding: 2px 0; clear: both; display: list-item; float: none; position: static;\">Wyposa\u017cenie dodatkowe: Stopka, odblaski<\/li>\n<li style=\"margin: 5px 0; padding: 2px 0; clear: both; display: list-item; float: none; position: static;\">Kolor &#8211; niebieski<\/li>\n<\/ul>\n<p style=\"margin: 15px 0; line-height: 1.8; clear: both; display: block; width: 100%; float: none; position: static;\">Rower odpowiedni na wzrost 120 &#8211; 135 cm<\/p>\n<\/div>\n<\/div>\n<\/div>\n<div style=\"clear: both; display: block; margin: 10px 0;\">\n<div style=\"clear: both; display: block; margin: 10px 0;\">\n<div style=\"clear: both; display: block; margin: 10px 0;\">\n<div  style=\"max-width:2560px;max-height:1762px\">\n<div style=\"clear: both; display: block; margin: 10px 0;\">\n<div style=\"clear: both; width: 100%; display: block; margin: 20px 0; padding: 0; float: none; position: static; text-align: center;\"><img decoding=\"async\"  src=\"https:\/\/a.allegroimg.com\/original\/1126ea\/5fc8a8894b5e80ce669a052b7a22\/ROWER-DZIECIECY-GORSKI-OLPRAN-BOSTON-DISC-20-SHIMANO-EAN-GTIN-8595243852810\" srcset=\"https:\/\/a.allegroimg.com\/original\/1126ea\/5fc8a8894b5e80ce669a052b7a22\/ROWER-DZIECIECY-GORSKI-OLPRAN-BOSTON-DISC-20-SHIMANO-EAN-GTIN-8595243852810 360w,https:\/\/a.allegroimg.com\/original\/1126ea\/5fc8a8894b5e80ce669a052b7a22\/ROWER-DZIECIECY-GORSKI-OLPRAN-BOSTON-DISC-20-SHIMANO-EAN-GTIN-8595243852810 720w,https:\/\/a.allegroimg.com\/original\/1126ea\/5fc8a8894b5e80ce669a052b7a22\/ROWER-DZIECIECY-GORSKI-OLPRAN-BOSTON-DISC-20-SHIMANO-EAN-GTIN-8595243852810 1024w,https:\/\/a.allegroimg.com\/original\/1126ea\/5fc8a8894b5e80ce669a052b7a22\/ROWER-DZIECIECY-GORSKI-OLPRAN-BOSTON-DISC-20-SHIMANO-EAN-GTIN-8595243852810 1440w,https:\/\/a.allegroimg.com\/original\/1126ea\/5fc8a8894b5e80ce669a052b7a22\/ROWER-DZIECIECY-GORSKI-OLPRAN-BOSTON-DISC-20-SHIMANO-EAN-GTIN-8595243852810 2560w\" sizes=\"100vw\" width=\"2560px\" alt=\"ROWER DZIECI\u0118CY G\u00d3RSKI OLPRAN BOSTON DISC 20&amp;quot; , SHIMANO EAN (GTIN) 8595243852810\" style=\"max-width: 100%; height: auto; display: block; margin: 0 auto;\"><\/div>\n<\/div>\n<\/div>\n<\/div>\n<\/div>\n<\/div>\n<div style=\"clear: both; display: block; margin: 10px 0;\">\n<div style=\"clear: both; display: block; margin: 10px 0;\">\n<div style=\"clear: both; display: block; margin: 10px 0;\">\n<div  style=\"max-width:2560px;max-height:1639px\">\n<div style=\"clear: both; display: block; margin: 10px 0;\">\n<div style=\"clear: both; width: 100%; display: block; margin: 20px 0; padding: 0; float: none; position: static; text-align: center;\"><img decoding=\"async\"  src=\"https:\/\/a.allegroimg.com\/original\/11f9ee\/e22e2e56459c8b1cd2c03a11c0d6\/ROWER-DZIECIECY-GORSKI-OLPRAN-BOSTON-DISC-20-SHIMANO-Model-20-Boston-disc\" srcset=\"https:\/\/a.allegroimg.com\/original\/11f9ee\/e22e2e56459c8b1cd2c03a11c0d6\/ROWER-DZIECIECY-GORSKI-OLPRAN-BOSTON-DISC-20-SHIMANO-Model-20-Boston-disc 360w,https:\/\/a.allegroimg.com\/original\/11f9ee\/e22e2e56459c8b1cd2c03a11c0d6\/ROWER-DZIECIECY-GORSKI-OLPRAN-BOSTON-DISC-20-SHIMANO-Model-20-Boston-disc 720w,https:\/\/a.allegroimg.com\/original\/11f9ee\/e22e2e56459c8b1cd2c03a11c0d6\/ROWER-DZIECIECY-GORSKI-OLPRAN-BOSTON-DISC-20-SHIMANO-Model-20-Boston-disc 1024w,https:\/\/a.allegroimg.com\/original\/11f9ee\/e22e2e56459c8b1cd2c03a11c0d6\/ROWER-DZIECIECY-GORSKI-OLPRAN-BOSTON-DISC-20-SHIMANO-Model-20-Boston-disc 1440w,https:\/\/a.allegroimg.com\/original\/11f9ee\/e22e2e56459c8b1cd2c03a11c0d6\/ROWER-DZIECIECY-GORSKI-OLPRAN-BOSTON-DISC-20-SHIMANO-Model-20-Boston-disc 2560w\" sizes=\"(min-width: 1200px) 560px, (min-width: 992px) 50vw, 100vw\" width=\"2560px\" alt=\"ROWER DZIECI\u0118CY G\u00d3RSKI OLPRAN BOSTON DISC 20&amp;quot; , SHIMANO Model 20&quot; Boston - disc\" style=\"max-width: 100%; height: auto; display: block; margin: 0 auto;\"><\/div>\n<\/div>\n<\/div>\n<\/div>\n<\/div>\n<div style=\"clear: both; display: block; margin: 10px 0;\">\n<div style=\"clear: both; display: block; margin: 10px 0;\">\n<div  style=\"max-width:2560px;max-height:1743px\">\n<div style=\"clear: both; display: block; margin: 10px 0;\">\n<div style=\"clear: both; width: 100%; display: block; margin: 20px 0; padding: 0; float: none; position: static; text-align: center;\"><img decoding=\"async\"  src=\"https:\/\/a.allegroimg.com\/original\/11cf44\/e0be5f17418888adbdd15989a8ba\/ROWER-DZIECIECY-GORSKI-OLPRAN-BOSTON-DISC-20-SHIMANO-Rozmiar-ramy-13-cali\" srcset=\"https:\/\/a.allegroimg.com\/original\/11cf44\/e0be5f17418888adbdd15989a8ba\/ROWER-DZIECIECY-GORSKI-OLPRAN-BOSTON-DISC-20-SHIMANO-Rozmiar-ramy-13-cali 360w,https:\/\/a.allegroimg.com\/original\/11cf44\/e0be5f17418888adbdd15989a8ba\/ROWER-DZIECIECY-GORSKI-OLPRAN-BOSTON-DISC-20-SHIMANO-Rozmiar-ramy-13-cali 720w,https:\/\/a.allegroimg.com\/original\/11cf44\/e0be5f17418888adbdd15989a8ba\/ROWER-DZIECIECY-GORSKI-OLPRAN-BOSTON-DISC-20-SHIMANO-Rozmiar-ramy-13-cali 1024w,https:\/\/a.allegroimg.com\/original\/11cf44\/e0be5f17418888adbdd15989a8ba\/ROWER-DZIECIECY-GORSKI-OLPRAN-BOSTON-DISC-20-SHIMANO-Rozmiar-ramy-13-cali 1440w,https:\/\/a.allegroimg.com\/original\/11cf44\/e0be5f17418888adbdd15989a8ba\/ROWER-DZIECIECY-GORSKI-OLPRAN-BOSTON-DISC-20-SHIMANO-Rozmiar-ramy-13-cali 2560w\" sizes=\"(min-width: 1200px) 560px, (min-width: 992px) 50vw, 100vw\" width=\"2560px\" alt=\"ROWER DZIECI\u0118CY G\u00d3RSKI OLPRAN BOSTON DISC 20&amp;quot; , SHIMANO Rozmiar ramy 13 cali\" style=\"max-width: 100%; height: auto; display: block; margin: 0 auto;\"><\/div>\n<\/div>\n<\/div>\n<\/div>\n<\/div>\n<\/div>\n<div style=\"clear: both; display: block; margin: 10px 0;\">\n<div style=\"clear: both; display: block; margin: 10px 0;\">\n<div style=\"clear: both; display: block; margin: 10px 0;\">\n<div  style=\"max-width:2560px;max-height:1700px\">\n<div style=\"clear: both; display: block; margin: 10px 0;\">\n<div style=\"clear: both; width: 100%; display: block; margin: 20px 0; padding: 0; float: none; position: static; text-align: center;\"><img decoding=\"async\"  src=\"https:\/\/a.allegroimg.com\/original\/113f84\/ceb11f8d4a22b21c2c96f3eee17f\/ROWER-DZIECIECY-GORSKI-OLPRAN-BOSTON-DISC-20-SHIMANO-Rozmiar-kola-20\" srcset=\"https:\/\/a.allegroimg.com\/original\/113f84\/ceb11f8d4a22b21c2c96f3eee17f\/ROWER-DZIECIECY-GORSKI-OLPRAN-BOSTON-DISC-20-SHIMANO-Rozmiar-kola-20 360w,https:\/\/a.allegroimg.com\/original\/113f84\/ceb11f8d4a22b21c2c96f3eee17f\/ROWER-DZIECIECY-GORSKI-OLPRAN-BOSTON-DISC-20-SHIMANO-Rozmiar-kola-20 720w,https:\/\/a.allegroimg.com\/original\/113f84\/ceb11f8d4a22b21c2c96f3eee17f\/ROWER-DZIECIECY-GORSKI-OLPRAN-BOSTON-DISC-20-SHIMANO-Rozmiar-kola-20 1024w,https:\/\/a.allegroimg.com\/original\/113f84\/ceb11f8d4a22b21c2c96f3eee17f\/ROWER-DZIECIECY-GORSKI-OLPRAN-BOSTON-DISC-20-SHIMANO-Rozmiar-kola-20 1440w,https:\/\/a.allegroimg.com\/original\/113f84\/ceb11f8d4a22b21c2c96f3eee17f\/ROWER-DZIECIECY-GORSKI-OLPRAN-BOSTON-DISC-20-SHIMANO-Rozmiar-kola-20 2560w\" sizes=\"(min-width: 1200px) 560px, (min-width: 992px) 50vw, 100vw\" width=\"2560px\" alt=\"ROWER DZIECI\u0118CY G\u00d3RSKI OLPRAN BOSTON DISC 20&amp;quot; , SHIMANO Rozmiar ko\u0142a (&quot;) 20\" style=\"max-width: 100%; height: auto; display: block; margin: 0 auto;\"><\/div>\n<\/div>\n<\/div>\n<\/div>\n<\/div>\n<div style=\"clear: both; display: block; margin: 10px 0;\">\n<div style=\"clear: both; display: block; margin: 10px 0;\">\n<div  style=\"max-width:2560px;max-height:1728px\">\n<div style=\"clear: both; display: block; margin: 10px 0;\">\n<div style=\"clear: both; width: 100%; display: block; margin: 20px 0; padding: 0; float: none; position: static; text-align: center;\"><img decoding=\"async\"  src=\"https:\/\/a.allegroimg.com\/original\/11ba31\/222dd6704f318592ad2365fd84a1\/ROWER-DZIECIECY-GORSKI-OLPRAN-BOSTON-DISC-20-SHIMANO-Liczba-biegow-6\" srcset=\"https:\/\/a.allegroimg.com\/original\/11ba31\/222dd6704f318592ad2365fd84a1\/ROWER-DZIECIECY-GORSKI-OLPRAN-BOSTON-DISC-20-SHIMANO-Liczba-biegow-6 360w,https:\/\/a.allegroimg.com\/original\/11ba31\/222dd6704f318592ad2365fd84a1\/ROWER-DZIECIECY-GORSKI-OLPRAN-BOSTON-DISC-20-SHIMANO-Liczba-biegow-6 720w,https:\/\/a.allegroimg.com\/original\/11ba31\/222dd6704f318592ad2365fd84a1\/ROWER-DZIECIECY-GORSKI-OLPRAN-BOSTON-DISC-20-SHIMANO-Liczba-biegow-6 1024w,https:\/\/a.allegroimg.com\/original\/11ba31\/222dd6704f318592ad2365fd84a1\/ROWER-DZIECIECY-GORSKI-OLPRAN-BOSTON-DISC-20-SHIMANO-Liczba-biegow-6 1440w,https:\/\/a.allegroimg.com\/original\/11ba31\/222dd6704f318592ad2365fd84a1\/ROWER-DZIECIECY-GORSKI-OLPRAN-BOSTON-DISC-20-SHIMANO-Liczba-biegow-6 2560w\" sizes=\"(min-width: 1200px) 560px, (min-width: 992px) 50vw, 100vw\" width=\"2560px\" alt=\"ROWER DZIECI\u0118CY G\u00d3RSKI OLPRAN BOSTON DISC 20&amp;quot; , SHIMANO Liczba bieg\u00f3w 6\" style=\"max-width: 100%; height: auto; display: block; margin: 0 auto;\"><\/div>\n<\/div>\n<\/div>\n<\/div>\n<\/div>\n<\/div>\n<div style=\"clear: both; display: block; margin: 10px 0;\">\n<div style=\"clear: both; display: block; margin: 10px 0;\">\n<div style=\"clear: both; display: block; margin: 10px 0;\">\n<div  style=\"max-width:2560px;max-height:1961px\">\n<div style=\"clear: both; display: block; margin: 10px 0;\">\n<div style=\"clear: both; width: 100%; display: block; margin: 20px 0; padding: 0; float: none; position: static; text-align: center;\"><img decoding=\"async\"  src=\"https:\/\/a.allegroimg.com\/original\/111cd5\/e59c84a14e2f9818fecdc0cf2ac8\/ROWER-DZIECIECY-GORSKI-OLPRAN-BOSTON-DISC-20-SHIMANO-Material-ramy-stal\" srcset=\"https:\/\/a.allegroimg.com\/original\/111cd5\/e59c84a14e2f9818fecdc0cf2ac8\/ROWER-DZIECIECY-GORSKI-OLPRAN-BOSTON-DISC-20-SHIMANO-Material-ramy-stal 360w,https:\/\/a.allegroimg.com\/original\/111cd5\/e59c84a14e2f9818fecdc0cf2ac8\/ROWER-DZIECIECY-GORSKI-OLPRAN-BOSTON-DISC-20-SHIMANO-Material-ramy-stal 720w,https:\/\/a.allegroimg.com\/original\/111cd5\/e59c84a14e2f9818fecdc0cf2ac8\/ROWER-DZIECIECY-GORSKI-OLPRAN-BOSTON-DISC-20-SHIMANO-Material-ramy-stal 1024w,https:\/\/a.allegroimg.com\/original\/111cd5\/e59c84a14e2f9818fecdc0cf2ac8\/ROWER-DZIECIECY-GORSKI-OLPRAN-BOSTON-DISC-20-SHIMANO-Material-ramy-stal 1440w,https:\/\/a.allegroimg.com\/original\/111cd5\/e59c84a14e2f9818fecdc0cf2ac8\/ROWER-DZIECIECY-GORSKI-OLPRAN-BOSTON-DISC-20-SHIMANO-Material-ramy-stal 2560w\" sizes=\"(min-width: 1200px) 560px, (min-width: 992px) 50vw, 100vw\" width=\"2560px\" alt=\"ROWER DZIECI\u0118CY G\u00d3RSKI OLPRAN BOSTON DISC 20&amp;quot; , SHIMANO Materia\u0142 ramy stal\" style=\"max-width: 100%; height: auto; display: block; margin: 0 auto;\"><\/div>\n<\/div>\n<\/div>\n<\/div>\n<\/div>\n<div style=\"clear: both; display: block; margin: 10px 0;\">\n<div style=\"clear: both; display: block; margin: 10px 0;\">\n<div  style=\"max-width:2560px;max-height:1731px\">\n<div style=\"clear: both; display: block; margin: 10px 0;\">\n<div style=\"clear: both; width: 100%; display: block; margin: 20px 0; padding: 0; float: none; position: static; text-align: center;\"><img decoding=\"async\"  src=\"https:\/\/a.allegroimg.com\/original\/11f628\/f81fe50d494ca96b0f6ba7d2b9ae\/ROWER-DZIECIECY-GORSKI-OLPRAN-BOSTON-DISC-20-SHIMANO-Amortyzacja-przod\" srcset=\"https:\/\/a.allegroimg.com\/original\/11f628\/f81fe50d494ca96b0f6ba7d2b9ae\/ROWER-DZIECIECY-GORSKI-OLPRAN-BOSTON-DISC-20-SHIMANO-Amortyzacja-przod 360w,https:\/\/a.allegroimg.com\/original\/11f628\/f81fe50d494ca96b0f6ba7d2b9ae\/ROWER-DZIECIECY-GORSKI-OLPRAN-BOSTON-DISC-20-SHIMANO-Amortyzacja-przod 720w,https:\/\/a.allegroimg.com\/original\/11f628\/f81fe50d494ca96b0f6ba7d2b9ae\/ROWER-DZIECIECY-GORSKI-OLPRAN-BOSTON-DISC-20-SHIMANO-Amortyzacja-przod 1024w,https:\/\/a.allegroimg.com\/original\/11f628\/f81fe50d494ca96b0f6ba7d2b9ae\/ROWER-DZIECIECY-GORSKI-OLPRAN-BOSTON-DISC-20-SHIMANO-Amortyzacja-przod 1440w,https:\/\/a.allegroimg.com\/original\/11f628\/f81fe50d494ca96b0f6ba7d2b9ae\/ROWER-DZIECIECY-GORSKI-OLPRAN-BOSTON-DISC-20-SHIMANO-Amortyzacja-przod 2560w\" sizes=\"(min-width: 1200px) 560px, (min-width: 992px) 50vw, 100vw\" width=\"2560px\" alt=\"ROWER DZIECI\u0118CY G\u00d3RSKI OLPRAN BOSTON DISC 20&amp;quot; , SHIMANO Amortyzacja prz\u00f3d\" style=\"max-width: 100%; height: auto; display: block; margin: 0 auto;\"><\/div>\n<\/div>\n<\/div>\n<\/div>\n<\/div>\n<\/div>\n<div style=\"clear: both; display: block; margin: 10px 0;\">\n<div style=\"clear: both; display: block; margin: 10px 0;\">\n<div style=\"clear: both; display: block; margin: 10px 0;\">\n<div  style=\"max-width:2560px;max-height:1590px\">\n<div style=\"clear: both; display: block; margin: 10px 0;\">\n<div style=\"clear: both; width: 100%; display: block; margin: 20px 0; padding: 0; float: none; position: static; text-align: center;\"><img decoding=\"async\"  src=\"https:\/\/a.allegroimg.com\/original\/118f84\/edad635f4198b51a4789b69de367\/ROWER-DZIECIECY-GORSKI-OLPRAN-BOSTON-DISC-20-SHIMANO-Plec-produkt-uniseks\" srcset=\"https:\/\/a.allegroimg.com\/original\/118f84\/edad635f4198b51a4789b69de367\/ROWER-DZIECIECY-GORSKI-OLPRAN-BOSTON-DISC-20-SHIMANO-Plec-produkt-uniseks 360w,https:\/\/a.allegroimg.com\/original\/118f84\/edad635f4198b51a4789b69de367\/ROWER-DZIECIECY-GORSKI-OLPRAN-BOSTON-DISC-20-SHIMANO-Plec-produkt-uniseks 720w,https:\/\/a.allegroimg.com\/original\/118f84\/edad635f4198b51a4789b69de367\/ROWER-DZIECIECY-GORSKI-OLPRAN-BOSTON-DISC-20-SHIMANO-Plec-produkt-uniseks 1024w,https:\/\/a.allegroimg.com\/original\/118f84\/edad635f4198b51a4789b69de367\/ROWER-DZIECIECY-GORSKI-OLPRAN-BOSTON-DISC-20-SHIMANO-Plec-produkt-uniseks 1440w,https:\/\/a.allegroimg.com\/original\/118f84\/edad635f4198b51a4789b69de367\/ROWER-DZIECIECY-GORSKI-OLPRAN-BOSTON-DISC-20-SHIMANO-Plec-produkt-uniseks 2560w\" sizes=\"(min-width: 1200px) 560px, (min-width: 992px) 50vw, 100vw\" width=\"2560px\" alt=\"ROWER DZIECI\u0118CY G\u00d3RSKI OLPRAN BOSTON DISC 20&amp;quot; , SHIMANO P\u0142e\u0107 produkt uniseks\" style=\"max-width: 100%; height: auto; display: block; margin: 0 auto;\"><\/div>\n<\/div>\n<\/div>\n<\/div>\n<\/div>\n<div style=\"clear: both; display: block; margin: 10px 0;\">\n<div style=\"clear: both; display: block; margin: 10px 0;\">\n<div  style=\"max-width:225px;max-height:225px\">\n<div style=\"clear: both; display: block; margin: 10px 0;\">\n<div style=\"clear: both; width: 100%; display: block; margin: 20px 0; padding: 0; float: none; position: static; text-align: center;\"><img decoding=\"async\"  src=\"https:\/\/a.allegroimg.com\/original\/11be91\/62a0bf0e4971bab7c48820f6a343\/ROWER-DZIECIECY-GORSKI-OLPRAN-BOSTON-DISC-20-SHIMANO-Wiek-dziecka-6-lat\" srcset=\"https:\/\/a.allegroimg.com\/original\/11be91\/62a0bf0e4971bab7c48820f6a343\/ROWER-DZIECIECY-GORSKI-OLPRAN-BOSTON-DISC-20-SHIMANO-Wiek-dziecka-6-lat 225w,https:\/\/a.allegroimg.com\/original\/11be91\/62a0bf0e4971bab7c48820f6a343\/ROWER-DZIECIECY-GORSKI-OLPRAN-BOSTON-DISC-20-SHIMANO-Wiek-dziecka-6-lat 225w\" sizes=\"(min-width: 1200px) 560px, (min-width: 992px) 50vw, 100vw\" width=\"225px\" alt=\"ROWER DZIECI\u0118CY G\u00d3RSKI OLPRAN BOSTON DISC 20&amp;quot; , SHIMANO Wiek dziecka 6 lat +\" style=\"max-width: 100%; height: auto; display: block; margin: 0 auto;\"><\/div>\n<\/div>\n<\/div>\n<\/div>\n<\/div>\n<\/div>\n<\/div>\n<\/div>\n<\/div>\n<div style=\"clear: both; display: block; margin: 10px 0;\">\n","protected":false},"excerpt":{"rendered":"<p>ROWER OLPRAN BOSTON 20&quot;<\/p>\n<p>SPECYFIKACJA:<\/p>\n<p>Rama: &#8211; 13&quot;<\/p>\n<p>Manetka ty\u0142 &#8211; Shimano Revoshift<\/p>\n<p>Przerzutka ty\u0142 &#8211; Shimano Tourney<\/p>\n<p>Ilo\u015b\u0107 bieg\u00f3w &#8211; 6<\/p>\n<p>Kaseta \/ wolnobieg &#8211; Shimano<\/p>\n<p>Opony &#8211; 20 &quot;x 2,1<\/p>\n","protected":false},"featured_media":14312,"template":"","meta":{"_uag_custom_page_level_css":""},"product_brand":[711],"product_cat":[706,688,687],"product_tag":[],"class_list":{"0":"post-14311","1":"product","2":"type-product","3":"status-publish","4":"has-post-thumbnail","6":"product_brand-olpran","7":"product_cat-junior","8":"product_cat-rowery","9":"product_cat-rowery-i-akcesoria","11":"first","12":"instock","13":"sale","14":"shipping-taxable","15":"purchasable","16":"product-type-simple"},"uagb_featured_image_src":{"full":["https:\/\/torvaniq.shop\/ro64\/wp-content\/uploads\/2026\/02\/allegro-image-14311.jpg",2560,2463,false],"thumbnail":["https:\/\/torvaniq.shop\/ro64\/wp-content\/uploads\/2026\/02\/allegro-image-14311-150x150.jpg",150,150,true],"medium":["https:\/\/torvaniq.shop\/ro64\/wp-content\/uploads\/2026\/02\/allegro-image-14311-300x289.jpg",300,289,true],"medium_large":["https:\/\/torvaniq.shop\/ro64\/wp-content\/uploads\/2026\/02\/allegro-image-14311-768x739.jpg",768,739,true],"large":["https:\/\/torvaniq.shop\/ro64\/wp-content\/uploads\/2026\/02\/allegro-image-14311-1024x985.jpg",1024,985,true],"1536x1536":["https:\/\/torvaniq.shop\/ro64\/wp-content\/uploads\/2026\/02\/allegro-image-14311-1536x1478.jpg",1536,1478,true],"2048x2048":["https:\/\/torvaniq.shop\/ro64\/wp-content\/uploads\/2026\/02\/allegro-image-14311-2048x1970.jpg",2048,1970,true],"woocommerce_thumbnail":["https:\/\/torvaniq.shop\/ro64\/wp-content\/uploads\/2026\/02\/allegro-image-14311-300x300.jpg",300,300,true],"woocommerce_single":["https:\/\/torvaniq.shop\/ro64\/wp-content\/uploads\/2026\/02\/allegro-image-14311-600x577.jpg",600,577,true],"woocommerce_gallery_thumbnail":["https:\/\/torvaniq.shop\/ro64\/wp-content\/uploads\/2026\/02\/allegro-image-14311-100x100.jpg",100,100,true]},"uagb_author_info":{"display_name":"admin","author_link":"https:\/\/torvaniq.shop\/ro64\/author\/"},"uagb_comment_info":0,"uagb_excerpt":"ROWER OLPRAN BOSTON 20&quot; SPECYFIKACJA: Rama: - 13&quot; Manetka ty\u0142 - Shimano Revoshift Przerzutka ty\u0142 - Shimano Tourney Ilo\u015b\u0107 bieg\u00f3w - 6 Kaseta \/ wolnobieg - Shimano Opony - 20 &quot;x 2,1","_links":{"self":[{"href":"https:\/\/torvaniq.shop\/ro64\/wp-json\/wp\/v2\/product\/14311","targetHints":{"allow":["GET"]}}],"collection":[{"href":"https:\/\/torvaniq.shop\/ro64\/wp-json\/wp\/v2\/product"}],"about":[{"href":"https:\/\/torvaniq.shop\/ro64\/wp-json\/wp\/v2\/types\/product"}],"wp:featuredmedia":[{"embeddable":true,"href":"https:\/\/torvaniq.shop\/ro64\/wp-json\/wp\/v2\/media\/14312"}],"wp:attachment":[{"href":"https:\/\/torvaniq.shop\/ro64\/wp-json\/wp\/v2\/media?parent=14311"}],"wp:term":[{"taxonomy":"product_brand","embeddable":true,"href":"https:\/\/torvaniq.shop\/ro64\/wp-json\/wp\/v2\/product_brand?post=14311"},{"taxonomy":"product_cat","embeddable":true,"href":"https:\/\/torvaniq.shop\/ro64\/wp-json\/wp\/v2\/product_cat?post=14311"},{"taxonomy":"product_tag","embeddable":true,"href":"https:\/\/torvaniq.shop\/ro64\/wp-json\/wp\/v2\/product_tag?post=14311"}],"curies":[{"name":"wp","href":"https:\/\/api.w.org\/{rel}","templated":true}]}}