{"id":14302,"date":"2026-02-26T04:20:19","date_gmt":"2026-02-26T03:20:19","guid":{"rendered":"https:\/\/rowermax.shop\/ro64\/produkt\/rower-gorski-xc-240-shimano\/"},"modified":"2026-02-26T04:20:22","modified_gmt":"2026-02-26T03:20:22","slug":"rower-gorski-xc-240-shimano","status":"publish","type":"product","link":"https:\/\/torvaniq.shop\/ro64\/produkt\/rower-gorski-xc-240-shimano\/","title":{"rendered":"ROWER G\u00d3RSKI XC 240 , SHIMANO"},"content":{"rendered":"<div style=\"font-family: Arial, sans-serif; line-height: 1.6; color: #333; padding: 20px; clear: both; display: block; width: 100%; float: none; position: static; overflow: hidden;\">\n<div style=\"clear: both; display: block; margin: 10px 0;\">\n<div style=\"clear: both; display: block; margin: 10px 0;\">\n<div style=\"clear: both; display: block; margin: 10px 0;\">\n<div  style=\"max-width:2560px;max-height:2110px\">\n<div style=\"clear: both; display: block; margin: 10px 0;\">\n<div style=\"clear: both; width: 100%; display: block; margin: 20px 0; padding: 0; float: none; position: static; text-align: center;\"><img decoding=\"async\"  src=\"https:\/\/a.allegroimg.com\/original\/116501\/d1c149254235931f7c74574b20e0\/ROWER-GORSKI-XC-240-SHIMANO\" srcset=\"https:\/\/a.allegroimg.com\/original\/116501\/d1c149254235931f7c74574b20e0\/ROWER-GORSKI-XC-240-SHIMANO 360w,https:\/\/a.allegroimg.com\/original\/116501\/d1c149254235931f7c74574b20e0\/ROWER-GORSKI-XC-240-SHIMANO 720w,https:\/\/a.allegroimg.com\/original\/116501\/d1c149254235931f7c74574b20e0\/ROWER-GORSKI-XC-240-SHIMANO 1024w,https:\/\/a.allegroimg.com\/original\/116501\/d1c149254235931f7c74574b20e0\/ROWER-GORSKI-XC-240-SHIMANO 1440w,https:\/\/a.allegroimg.com\/original\/116501\/d1c149254235931f7c74574b20e0\/ROWER-GORSKI-XC-240-SHIMANO 2560w\" sizes=\"(min-width: 1200px) 560px, (min-width: 992px) 50vw, 100vw\" width=\"2560px\" alt=\"ROWER G\u00d3RSKI XC 240 , SHIMANO\" style=\"max-width: 100%; height: auto; display: block; margin: 0 auto;\"><\/div>\n<\/div>\n<\/div>\n<\/div>\n<\/div>\n<div style=\"clear: both; display: block; margin: 10px 0;\">\n<div style=\"clear: both; display: block; margin: 10px 0;\">\n<h2>ROWER G\u00d3RSKI XC 240<\/h2>\n<p style=\"margin: 15px 0; line-height: 1.8; clear: both; display: block; width: 100%; float: none; position: static;\">Specyfikacja:<\/p>\n<ul style=\"margin: 15px 0; padding-left: 20px; clear: both; display: block; width: 100%; float: none; position: static;\">\n<li style=\"margin: 5px 0; padding: 2px 0; clear: both; display: list-item; float: none; position: static;\">RAMA \u2013 13&#8243;<\/li>\n<li style=\"margin: 5px 0; padding: 2px 0; clear: both; display: list-item; float: none; position: static;\">WIDELEC \u2013 amortyzowany<\/li>\n<li style=\"margin: 5px 0; padding: 2px 0; clear: both; display: list-item; float: none; position: static;\">NAP\u0118D \u2013 21 bieg\u00f3w<\/li>\n<li style=\"margin: 5px 0; padding: 2px 0; clear: both; display: list-item; float: none; position: static;\">MANETKI \u2013 Shimano RevoShift<\/li>\n<li style=\"margin: 5px 0; padding: 2px 0; clear: both; display: list-item; float: none; position: static;\">PRZERZUTKI \u2013 Shimano Tourney TZ<\/li>\n<li style=\"margin: 5px 0; padding: 2px 0; clear: both; display: list-item; float: none; position: static;\">WOLNOBIEG &#8211; Shimano MF-TZ-500 &#8211; 7<\/li>\n<li style=\"margin: 5px 0; padding: 2px 0; clear: both; display: list-item; float: none; position: static;\">KORBA \u2013 3 &#8211; rz\u0119dowa<\/li>\n<li style=\"margin: 5px 0; padding: 2px 0; clear: both; display: list-item; float: none; position: static;\">HAMULEC PRZ\u00d3D \/ TY\u0141 \u2013tarczowy mechaniczny<\/li>\n<li style=\"margin: 5px 0; padding: 2px 0; clear: both; display: list-item; float: none; position: static;\">OPONY \u2013 24&#8243;x 1,95<\/li>\n<li style=\"margin: 5px 0; padding: 2px 0; clear: both; display: list-item; float: none; position: static;\">OBR\u0118CZE \u2013 aluminiowe dwukomorowe sto\u017ckowe<\/li>\n<li style=\"margin: 5px 0; padding: 2px 0; clear: both; display: list-item; float: none; position: static;\">WAGA \u2013 15 kg<\/li>\n<li style=\"margin: 5px 0; padding: 2px 0; clear: both; display: list-item; float: none; position: static;\">KOLOR \u2013 &nbsp; czarno &#8211; czerwony<\/li>\n<\/ul>\n<h3 style=\"color: #2c5aa0; font-size: 18px; margin: 30px 0 15px 0; font-weight: bold; clear: both; display: block; width: 100%; float: none; position: static;\">Rower dostosowany do wzrostu 125 &#8211; 150 cm<\/h3>\n<\/div>\n<\/div>\n<\/div>\n<div style=\"clear: both; display: block; margin: 10px 0;\">\n<div style=\"clear: both; display: block; margin: 10px 0;\">\n<div style=\"clear: both; display: block; margin: 10px 0;\">\n<p style=\"margin: 15px 0; line-height: 1.8; clear: both; display: block; width: 100%; float: none; position: static;\"><b>Linia Rower\u00f3w XC<\/b> zosta\u0142 zaprojektowany w naszej firmie, powsta\u0142 od zera na papierze, w oparciu o nowe technologie oraz wykorzystanie sprawdzonych element\u00f3w. Pozwoli\u0142o to uzyska\u0107 niesamowity design&nbsp; oraz niezawodno\u015b\u0107 jak\u0105 daje nam osprz\u0119t shimano. Linia rower\u00f3w XC jest produkowana TYLKO DLA NAS wykorzystuj\u0105c nasz projekt. Prace nad projektem trwa\u0142y bardzo d\u0142ugo ale efekt ko\u0144cowy okaza\u0142 si\u0119 wart wszystkich nak\u0142ad\u00f3w. Niska cena to efekt braku po\u015brednik\u00f3w.<\/p>\n<\/div>\n<\/div>\n<\/div>\n<div style=\"clear: both; display: block; margin: 10px 0;\">\n<div style=\"clear: both; display: block; margin: 10px 0;\">\n<div style=\"clear: both; display: block; margin: 10px 0;\">\n<div  style=\"max-width:2560px;max-height:1562px\">\n<div style=\"clear: both; display: block; margin: 10px 0;\">\n<div style=\"clear: both; width: 100%; display: block; margin: 20px 0; padding: 0; float: none; position: static; text-align: center;\"><img decoding=\"async\"  src=\"https:\/\/a.allegroimg.com\/original\/118f6b\/a205181f4b39bec66ce04f928be4\/ROWER-GORSKI-XC-240-SHIMANO-Marka-XC\" srcset=\"https:\/\/a.allegroimg.com\/original\/118f6b\/a205181f4b39bec66ce04f928be4\/ROWER-GORSKI-XC-240-SHIMANO-Marka-XC 360w,https:\/\/a.allegroimg.com\/original\/118f6b\/a205181f4b39bec66ce04f928be4\/ROWER-GORSKI-XC-240-SHIMANO-Marka-XC 720w,https:\/\/a.allegroimg.com\/original\/118f6b\/a205181f4b39bec66ce04f928be4\/ROWER-GORSKI-XC-240-SHIMANO-Marka-XC 1024w,https:\/\/a.allegroimg.com\/original\/118f6b\/a205181f4b39bec66ce04f928be4\/ROWER-GORSKI-XC-240-SHIMANO-Marka-XC 1440w,https:\/\/a.allegroimg.com\/original\/118f6b\/a205181f4b39bec66ce04f928be4\/ROWER-GORSKI-XC-240-SHIMANO-Marka-XC 2560w\" sizes=\"100vw\" width=\"2560px\" alt=\"ROWER G\u00d3RSKI XC 240 , SHIMANO Marka XC\" style=\"max-width: 100%; height: auto; display: block; margin: 0 auto;\"><\/div>\n<\/div>\n<\/div>\n<\/div>\n<\/div>\n<\/div>\n<div style=\"clear: both; display: block; margin: 10px 0;\">\n<div style=\"clear: both; display: block; margin: 10px 0;\">\n<div style=\"clear: both; display: block; margin: 10px 0;\">\n<div  style=\"max-width:2560px;max-height:1638px\">\n<div style=\"clear: both; display: block; margin: 10px 0;\">\n<div style=\"clear: both; width: 100%; display: block; margin: 20px 0; padding: 0; float: none; position: static; text-align: center;\"><img decoding=\"async\"  src=\"https:\/\/a.allegroimg.com\/original\/115167\/61c0ea3e4f7f98b69c7423c6ff4a\/ROWER-GORSKI-XC-240-SHIMANO-Model-240\" srcset=\"https:\/\/a.allegroimg.com\/original\/115167\/61c0ea3e4f7f98b69c7423c6ff4a\/ROWER-GORSKI-XC-240-SHIMANO-Model-240 360w,https:\/\/a.allegroimg.com\/original\/115167\/61c0ea3e4f7f98b69c7423c6ff4a\/ROWER-GORSKI-XC-240-SHIMANO-Model-240 720w,https:\/\/a.allegroimg.com\/original\/115167\/61c0ea3e4f7f98b69c7423c6ff4a\/ROWER-GORSKI-XC-240-SHIMANO-Model-240 1024w,https:\/\/a.allegroimg.com\/original\/115167\/61c0ea3e4f7f98b69c7423c6ff4a\/ROWER-GORSKI-XC-240-SHIMANO-Model-240 1440w,https:\/\/a.allegroimg.com\/original\/115167\/61c0ea3e4f7f98b69c7423c6ff4a\/ROWER-GORSKI-XC-240-SHIMANO-Model-240 2560w\" sizes=\"(min-width: 1200px) 560px, (min-width: 992px) 50vw, 100vw\" width=\"2560px\" alt=\"ROWER G\u00d3RSKI XC 240 , SHIMANO Model 240\" style=\"max-width: 100%; height: auto; display: block; margin: 0 auto;\"><\/div>\n<\/div>\n<\/div>\n<\/div>\n<\/div>\n<div style=\"clear: both; display: block; margin: 10px 0;\">\n<div style=\"clear: both; display: block; margin: 10px 0;\">\n<p style=\"margin: 15px 0; line-height: 1.8; clear: both; display: block; width: 100%; float: none; position: static;\"><b>Pe\u0142ny osprz\u0119t Shimano<\/b> &#8211; wiele producent\u00f3w oszcz\u0119dza i przedni\u0105 przerzutk\u0119 shimano zast\u0119puje chi\u0144sk\u0105 kopi\u0105. U nas prz\u00f3d i ty\u0142 to Shimano.<\/p>\n<\/div>\n<\/div>\n<\/div>\n<div style=\"clear: both; display: block; margin: 10px 0;\">\n<div style=\"clear: both; display: block; margin: 10px 0;\">\n<div style=\"clear: both; display: block; margin: 10px 0;\">\n<p style=\"margin: 15px 0; line-height: 1.8; clear: both; display: block; width: 100%; float: none; position: static;\"><b>Tylna przerzutka<\/b> Shimano tourney&nbsp; 7 &#8211; speed &#8211; pozwala na uzyskanie 21 bieg\u00f3w.<\/p>\n<p style=\"margin: 15px 0; line-height: 1.8; clear: both; display: block; width: 100%; float: none; position: static;\"><b>Stopka Roweru<\/b> zintegrowana z ram\u0105.<\/p>\n<p style=\"margin: 15px 0; line-height: 1.8; clear: both; display: block; width: 100%; float: none; position: static;\"><b>Odblaski<\/b> w ko\u0142ach bardzo zwi\u0119kszaj\u0105 bezpiecze\u0144stwo a przede wszystkim na poprzecznych przejazdach.<\/p>\n<p style=\"margin: 15px 0; line-height: 1.8; clear: both; display: block; width: 100%; float: none; position: static;\"><b>Wolnobieg Shimano<\/b> \u2013 trzeba pami\u0119ta\u0107 i\u017c najlepsza przerzutka Shimano nie b\u0119dzie dzia\u0142a\u0107 prawid\u0142owo je\u015bli nie b\u0119dzie wsp\u00f3\u0142pracowa\u0142a z wolnobiegiem Shimano.<\/p>\n<\/div>\n<\/div>\n<div style=\"clear: both; display: block; margin: 10px 0;\">\n<div style=\"clear: both; display: block; margin: 10px 0;\">\n<div  style=\"max-width:2560px;max-height:1889px\">\n<div style=\"clear: both; display: block; margin: 10px 0;\">\n<div style=\"clear: both; width: 100%; display: block; margin: 20px 0; padding: 0; float: none; position: static; text-align: center;\"><img decoding=\"async\"  src=\"https:\/\/a.allegroimg.com\/original\/11fe50\/860cbc224140b8913260308288cb\/ROWER-GORSKI-XC-240-SHIMANO-EAN-GTIN-8595243849070\" srcset=\"https:\/\/a.allegroimg.com\/original\/11fe50\/860cbc224140b8913260308288cb\/ROWER-GORSKI-XC-240-SHIMANO-EAN-GTIN-8595243849070 360w,https:\/\/a.allegroimg.com\/original\/11fe50\/860cbc224140b8913260308288cb\/ROWER-GORSKI-XC-240-SHIMANO-EAN-GTIN-8595243849070 720w,https:\/\/a.allegroimg.com\/original\/11fe50\/860cbc224140b8913260308288cb\/ROWER-GORSKI-XC-240-SHIMANO-EAN-GTIN-8595243849070 1024w,https:\/\/a.allegroimg.com\/original\/11fe50\/860cbc224140b8913260308288cb\/ROWER-GORSKI-XC-240-SHIMANO-EAN-GTIN-8595243849070 1440w,https:\/\/a.allegroimg.com\/original\/11fe50\/860cbc224140b8913260308288cb\/ROWER-GORSKI-XC-240-SHIMANO-EAN-GTIN-8595243849070 2560w\" sizes=\"(min-width: 1200px) 560px, (min-width: 992px) 50vw, 100vw\" width=\"2560px\" alt=\"ROWER G\u00d3RSKI XC 240 , SHIMANO EAN (GTIN) 8595243849070\" style=\"max-width: 100%; height: auto; display: block; margin: 0 auto;\"><\/div>\n<\/div>\n<\/div>\n<\/div>\n<\/div>\n<\/div>\n<div style=\"clear: both; display: block; margin: 10px 0;\">\n<div style=\"clear: both; display: block; margin: 10px 0;\">\n<div style=\"clear: both; display: block; margin: 10px 0;\">\n<div  style=\"max-width:2560px;max-height:1679px\">\n<div style=\"clear: both; display: block; margin: 10px 0;\">\n<div style=\"clear: both; width: 100%; display: block; margin: 20px 0; padding: 0; float: none; position: static; text-align: center;\"><img decoding=\"async\"  src=\"https:\/\/a.allegroimg.com\/original\/1152d2\/398625ea4982ad4a8fc50f6e7101\/ROWER-GORSKI-XC-240-SHIMANO-Liczba-biegow-21\" srcset=\"https:\/\/a.allegroimg.com\/original\/1152d2\/398625ea4982ad4a8fc50f6e7101\/ROWER-GORSKI-XC-240-SHIMANO-Liczba-biegow-21 360w,https:\/\/a.allegroimg.com\/original\/1152d2\/398625ea4982ad4a8fc50f6e7101\/ROWER-GORSKI-XC-240-SHIMANO-Liczba-biegow-21 720w,https:\/\/a.allegroimg.com\/original\/1152d2\/398625ea4982ad4a8fc50f6e7101\/ROWER-GORSKI-XC-240-SHIMANO-Liczba-biegow-21 1024w,https:\/\/a.allegroimg.com\/original\/1152d2\/398625ea4982ad4a8fc50f6e7101\/ROWER-GORSKI-XC-240-SHIMANO-Liczba-biegow-21 1440w,https:\/\/a.allegroimg.com\/original\/1152d2\/398625ea4982ad4a8fc50f6e7101\/ROWER-GORSKI-XC-240-SHIMANO-Liczba-biegow-21 2560w\" sizes=\"(min-width: 1200px) 560px, (min-width: 992px) 50vw, 100vw\" width=\"2560px\" alt=\"ROWER G\u00d3RSKI XC 240 , SHIMANO Liczba bieg\u00f3w 21\" style=\"max-width: 100%; height: auto; display: block; margin: 0 auto;\"><\/div>\n<\/div>\n<\/div>\n<\/div>\n<\/div>\n<div style=\"clear: both; display: block; margin: 10px 0;\">\n<div style=\"clear: both; display: block; margin: 10px 0;\">\n<p style=\"margin: 15px 0; line-height: 1.8; clear: both; display: block; width: 100%; float: none; position: static;\"><b>Manetki<\/b> &#8211;&nbsp; SHIMANO REVOSHIFT prz\u00f3d 3 prze\u0142o\u017cenia ty\u0142 7 prze\u0142o\u017ce\u0144 co daje nam 21 bieg\u00f3w. Taka ilo\u015b\u0107 bieg\u00f3w pozwala na rozp\u0119dzenie roweru do du\u017cej pr\u0119dko\u015bci jak i r\u00f3wnie\u017c pokonanie bardzo stromych podjazd\u00f3w nie tylko na asfalcie.<\/p>\n<\/div>\n<\/div>\n<\/div>\n<div style=\"clear: both; display: block; margin: 10px 0;\">\n<div style=\"clear: both; display: block; margin: 10px 0;\">\n<div style=\"clear: both; display: block; margin: 10px 0;\">\n<p style=\"margin: 15px 0; line-height: 1.8; clear: both; display: block; width: 100%; float: none; position: static;\"><b>Hamulce tarczowe<\/b> &#8211; rower jest wyposa\u017cony w dwa hamulce tarczowe o \u015brednicy 160 mm. Hamulce tarczowe nie trac\u0105 swoich w\u0142a\u015bciwo\u015bci nawet w najtrudniejszych warunkach. Tarcza to nie tylko design ale r\u00f3wnie\u017c bezpiecze\u0144stwo.<\/p>\n<p style=\"margin: 15px 0; line-height: 1.8; clear: both; display: block; width: 100%; float: none; position: static;\"><b>Samozamykacz<\/b> &#8211; pozwala na demonta\u017c przedniego ko\u0142a bez konieczno\u015bci narz\u0119dzi.<\/p>\n<\/div>\n<\/div>\n<div style=\"clear: both; display: block; margin: 10px 0;\">\n<div style=\"clear: both; display: block; margin: 10px 0;\">\n<div  style=\"max-width:2560px;max-height:1752px\">\n<div style=\"clear: both; display: block; margin: 10px 0;\">\n<div style=\"clear: both; width: 100%; display: block; margin: 20px 0; padding: 0; float: none; position: static; text-align: center;\"><img decoding=\"async\"  src=\"https:\/\/a.allegroimg.com\/original\/11bca2\/c4da60c3497ebb357a0e10482972\/ROWER-GORSKI-XC-240-SHIMANO-Material-ramy-stal\" srcset=\"https:\/\/a.allegroimg.com\/original\/11bca2\/c4da60c3497ebb357a0e10482972\/ROWER-GORSKI-XC-240-SHIMANO-Material-ramy-stal 360w,https:\/\/a.allegroimg.com\/original\/11bca2\/c4da60c3497ebb357a0e10482972\/ROWER-GORSKI-XC-240-SHIMANO-Material-ramy-stal 720w,https:\/\/a.allegroimg.com\/original\/11bca2\/c4da60c3497ebb357a0e10482972\/ROWER-GORSKI-XC-240-SHIMANO-Material-ramy-stal 1024w,https:\/\/a.allegroimg.com\/original\/11bca2\/c4da60c3497ebb357a0e10482972\/ROWER-GORSKI-XC-240-SHIMANO-Material-ramy-stal 1440w,https:\/\/a.allegroimg.com\/original\/11bca2\/c4da60c3497ebb357a0e10482972\/ROWER-GORSKI-XC-240-SHIMANO-Material-ramy-stal 2560w\" sizes=\"(min-width: 1200px) 560px, (min-width: 992px) 50vw, 100vw\" width=\"2560px\" alt=\"ROWER G\u00d3RSKI XC 240 , SHIMANO Materia\u0142 ramy stal\" style=\"max-width: 100%; height: auto; display: block; margin: 0 auto;\"><\/div>\n<\/div>\n<\/div>\n<\/div>\n<\/div>\n<\/div>\n<div style=\"clear: both; display: block; margin: 10px 0;\">\n<div style=\"clear: both; display: block; margin: 10px 0;\">\n<div style=\"clear: both; display: block; margin: 10px 0;\">\n<div  style=\"max-width:2560px;max-height:1690px\">\n<div style=\"clear: both; display: block; margin: 10px 0;\">\n<div style=\"clear: both; width: 100%; display: block; margin: 20px 0; padding: 0; float: none; position: static; text-align: center;\"><img decoding=\"async\"  src=\"https:\/\/a.allegroimg.com\/original\/119a3c\/d7c4b551480cb795a56f86cf2a09\/ROWER-GORSKI-XC-240-SHIMANO-Rozmiar-kola-24\" srcset=\"https:\/\/a.allegroimg.com\/original\/119a3c\/d7c4b551480cb795a56f86cf2a09\/ROWER-GORSKI-XC-240-SHIMANO-Rozmiar-kola-24 360w,https:\/\/a.allegroimg.com\/original\/119a3c\/d7c4b551480cb795a56f86cf2a09\/ROWER-GORSKI-XC-240-SHIMANO-Rozmiar-kola-24 720w,https:\/\/a.allegroimg.com\/original\/119a3c\/d7c4b551480cb795a56f86cf2a09\/ROWER-GORSKI-XC-240-SHIMANO-Rozmiar-kola-24 1024w,https:\/\/a.allegroimg.com\/original\/119a3c\/d7c4b551480cb795a56f86cf2a09\/ROWER-GORSKI-XC-240-SHIMANO-Rozmiar-kola-24 1440w,https:\/\/a.allegroimg.com\/original\/119a3c\/d7c4b551480cb795a56f86cf2a09\/ROWER-GORSKI-XC-240-SHIMANO-Rozmiar-kola-24 2560w\" sizes=\"(min-width: 1200px) 560px, (min-width: 992px) 50vw, 100vw\" width=\"2560px\" alt=\"ROWER G\u00d3RSKI XC 240 , SHIMANO Rozmiar ko\u0142a (&quot;) 24\" style=\"max-width: 100%; height: auto; display: block; margin: 0 auto;\"><\/div>\n<\/div>\n<\/div>\n<\/div>\n<\/div>\n<div style=\"clear: both; display: block; margin: 10px 0;\">\n<div style=\"clear: both; display: block; margin: 10px 0;\">\n<p style=\"margin: 15px 0; line-height: 1.8; clear: both; display: block; width: 100%; float: none; position: static;\"><b>Przedni widelec amortyzowany<\/b> &#8211; dobrze t\u0142umi\u0105cy drgania wywo\u0142ane przez nier\u00f3wno\u015bci terenu. Amortyzator w rowerze nie zosta\u0142 stworzony do pokonywania dziur czy kraw\u0119\u017cnik\u00f3w &#8211; jego g\u0142\u00f3wnym zadaniem jest zniwelowanie niemal do zera drga\u0144 powstaj\u0105cych podczas jazdy. Drgania te negatywnie wp\u0142ywaj\u0105 na stawy nadgarstk\u00f3w.<\/p>\n<\/div>\n<\/div>\n<\/div>\n<div style=\"clear: both; display: block; margin: 10px 0;\">\n<div style=\"clear: both; display: block; margin: 10px 0;\">\n<div style=\"clear: both; display: block; margin: 10px 0;\">\n<div  style=\"max-width:2560px;max-height:1707px\">\n<div style=\"clear: both; display: block; margin: 10px 0;\">\n<div style=\"clear: both; width: 100%; display: block; margin: 20px 0; padding: 0; float: none; position: static; text-align: center;\"><img decoding=\"async\"  src=\"https:\/\/a.allegroimg.com\/original\/11868e\/73f1bc344f0887e6e1f349bc2296\/ROWER-GORSKI-XC-240-SHIMANO-Plec-nie-dotyczy\" srcset=\"https:\/\/a.allegroimg.com\/original\/11868e\/73f1bc344f0887e6e1f349bc2296\/ROWER-GORSKI-XC-240-SHIMANO-Plec-nie-dotyczy 360w,https:\/\/a.allegroimg.com\/original\/11868e\/73f1bc344f0887e6e1f349bc2296\/ROWER-GORSKI-XC-240-SHIMANO-Plec-nie-dotyczy 720w,https:\/\/a.allegroimg.com\/original\/11868e\/73f1bc344f0887e6e1f349bc2296\/ROWER-GORSKI-XC-240-SHIMANO-Plec-nie-dotyczy 1024w,https:\/\/a.allegroimg.com\/original\/11868e\/73f1bc344f0887e6e1f349bc2296\/ROWER-GORSKI-XC-240-SHIMANO-Plec-nie-dotyczy 1440w,https:\/\/a.allegroimg.com\/original\/11868e\/73f1bc344f0887e6e1f349bc2296\/ROWER-GORSKI-XC-240-SHIMANO-Plec-nie-dotyczy 2560w\" sizes=\"100vw\" width=\"2560px\" alt=\"ROWER G\u00d3RSKI XC 240 , SHIMANO P\u0142e\u0107 nie dotyczy\" style=\"max-width: 100%; height: auto; display: block; margin: 0 auto;\"><\/div>\n<\/div>\n<\/div>\n<\/div>\n<\/div>\n<\/div>\n<\/div>\n<\/div>\n<\/div>\n<div style=\"clear: both; display: block; margin: 10px 0;\">\n","protected":false},"excerpt":{"rendered":"<p>ROWER G\u00d3RSKI XC 240<\/p>\n<p>Specyfikacja:<\/p>\n<p>RAMA \u2013 13&quot;<\/p>\n<p>WIDELEC \u2013 amortyzowany<\/p>\n<p>NAP\u0118D \u2013 21 bieg\u00f3w<\/p>\n<p>MANETKI \u2013 Shimano RevoShift<\/p>\n<p>PRZERZUTKI \u2013 Shimano Tourney TZ<\/p>\n<p>WOLNOBIEG &#8211; Shimano MF-TZ-500 &#8211; 7<\/p>\n","protected":false},"featured_media":14303,"template":"","meta":{"_uag_custom_page_level_css":""},"product_brand":[712],"product_cat":[706,688,687],"product_tag":[],"class_list":{"0":"post-14302","1":"product","2":"type-product","3":"status-publish","4":"has-post-thumbnail","6":"product_brand-xc","7":"product_cat-junior","8":"product_cat-rowery","9":"product_cat-rowery-i-akcesoria","11":"first","12":"instock","13":"sale","14":"shipping-taxable","15":"purchasable","16":"product-type-simple"},"uagb_featured_image_src":{"full":["https:\/\/torvaniq.shop\/ro64\/wp-content\/uploads\/2026\/02\/allegro-image-14302.jpg",2560,2110,false],"thumbnail":["https:\/\/torvaniq.shop\/ro64\/wp-content\/uploads\/2026\/02\/allegro-image-14302-150x150.jpg",150,150,true],"medium":["https:\/\/torvaniq.shop\/ro64\/wp-content\/uploads\/2026\/02\/allegro-image-14302-300x247.jpg",300,247,true],"medium_large":["https:\/\/torvaniq.shop\/ro64\/wp-content\/uploads\/2026\/02\/allegro-image-14302-768x633.jpg",768,633,true],"large":["https:\/\/torvaniq.shop\/ro64\/wp-content\/uploads\/2026\/02\/allegro-image-14302-1024x844.jpg",1024,844,true],"1536x1536":["https:\/\/torvaniq.shop\/ro64\/wp-content\/uploads\/2026\/02\/allegro-image-14302-1536x1266.jpg",1536,1266,true],"2048x2048":["https:\/\/torvaniq.shop\/ro64\/wp-content\/uploads\/2026\/02\/allegro-image-14302-2048x1688.jpg",2048,1688,true],"woocommerce_thumbnail":["https:\/\/torvaniq.shop\/ro64\/wp-content\/uploads\/2026\/02\/allegro-image-14302-300x300.jpg",300,300,true],"woocommerce_single":["https:\/\/torvaniq.shop\/ro64\/wp-content\/uploads\/2026\/02\/allegro-image-14302-600x495.jpg",600,495,true],"woocommerce_gallery_thumbnail":["https:\/\/torvaniq.shop\/ro64\/wp-content\/uploads\/2026\/02\/allegro-image-14302-100x100.jpg",100,100,true]},"uagb_author_info":{"display_name":"admin","author_link":"https:\/\/torvaniq.shop\/ro64\/author\/"},"uagb_comment_info":0,"uagb_excerpt":"ROWER G\u00d3RSKI XC 240 Specyfikacja: RAMA \u2013 13&quot; WIDELEC \u2013 amortyzowany NAP\u0118D \u2013 21 bieg\u00f3w MANETKI \u2013 Shimano RevoShift PRZERZUTKI \u2013 Shimano Tourney TZ WOLNOBIEG - Shimano MF-TZ-500 - 7","_links":{"self":[{"href":"https:\/\/torvaniq.shop\/ro64\/wp-json\/wp\/v2\/product\/14302","targetHints":{"allow":["GET"]}}],"collection":[{"href":"https:\/\/torvaniq.shop\/ro64\/wp-json\/wp\/v2\/product"}],"about":[{"href":"https:\/\/torvaniq.shop\/ro64\/wp-json\/wp\/v2\/types\/product"}],"wp:featuredmedia":[{"embeddable":true,"href":"https:\/\/torvaniq.shop\/ro64\/wp-json\/wp\/v2\/media\/14303"}],"wp:attachment":[{"href":"https:\/\/torvaniq.shop\/ro64\/wp-json\/wp\/v2\/media?parent=14302"}],"wp:term":[{"taxonomy":"product_brand","embeddable":true,"href":"https:\/\/torvaniq.shop\/ro64\/wp-json\/wp\/v2\/product_brand?post=14302"},{"taxonomy":"product_cat","embeddable":true,"href":"https:\/\/torvaniq.shop\/ro64\/wp-json\/wp\/v2\/product_cat?post=14302"},{"taxonomy":"product_tag","embeddable":true,"href":"https:\/\/torvaniq.shop\/ro64\/wp-json\/wp\/v2\/product_tag?post=14302"}],"curies":[{"name":"wp","href":"https:\/\/api.w.org\/{rel}","templated":true}]}}