{"id":14292,"date":"2026-02-26T04:20:11","date_gmt":"2026-02-26T03:20:11","guid":{"rendered":"https:\/\/rowermax.shop\/ro64\/produkt\/rower-gorski-mtb-tru-2-4-shimano-rower-24-aluminiowy-bardzo-lekki-gratisy\/"},"modified":"2026-02-26T04:20:12","modified_gmt":"2026-02-26T03:20:12","slug":"rower-gorski-mtb-tru-2-4-shimano-rower-24-aluminiowy-bardzo-lekki-gratisy","status":"publish","type":"product","link":"https:\/\/torvaniq.shop\/ro64\/produkt\/rower-gorski-mtb-tru-2-4-shimano-rower-24-aluminiowy-bardzo-lekki-gratisy\/","title":{"rendered":"ROWER G\u00d3RSKI MTB TRU 2.4 SHIMANO ROWER 24 ALUMINIOWY BARDZO LEKKI GRATISY"},"content":{"rendered":"<div style=\"font-family: Arial, sans-serif; line-height: 1.6; color: #333; padding: 20px; clear: both; display: block; width: 100%; float: none; position: static; overflow: hidden;\">\n<div style=\"clear: both; display: block; margin: 10px 0;\">\n<div style=\"clear: both; display: block; margin: 10px 0;\">\n<div style=\"clear: both; display: block; margin: 10px 0;\">\n<h1>ROWER G\u00d3RSKI MTB TRU 2.4 SHIMANO ROWER 24 ALUMINIOWY BARDZO LEKKI GRATISY<\/h1>\n<h3 style=\"color: #2c5aa0; font-size: 18px; margin: 30px 0 15px 0; font-weight: bold; clear: both; display: block; width: 100%; float: none; position: static;\">TRU MS 24 wsp\u00f3lnyekaspar<\/h3>\n<\/div>\n<\/div>\n<\/div>\n<div style=\"clear: both; display: block; margin: 10px 0;\">\n<div style=\"clear: both; display: block; margin: 10px 0;\">\n<div style=\"clear: both; display: block; margin: 10px 0;\">\n<h1>\u2705&nbsp;GRATISY!!!&nbsp;GRATISY!!!&nbsp;GRATISY!!!&nbsp;\u2705&nbsp;&nbsp;<\/h1>\n<h2>JAKO GRATIS OTRZYMUJESZ !!!<\/h2>\n<h2>\u27a1\ufe0f Stopk\u0119 boczn\u0105<\/h2>\n<h2>\u27a1\ufe0f O\u015bwietlenie Bateryjne prz\u00f3d ty\u0142<\/h2>\n<\/div>\n<\/div>\n<\/div>\n<div style=\"clear: both; display: block; margin: 10px 0;\">\n<div style=\"clear: both; display: block; margin: 10px 0;\">\n<div style=\"clear: both; display: block; margin: 10px 0;\">\n<div  style=\"max-width:1289px;max-height:403px\">\n<div style=\"clear: both; display: block; margin: 10px 0;\">\n<div style=\"clear: both; width: 100%; display: block; margin: 20px 0; padding: 0; float: none; position: static; text-align: center;\"><img decoding=\"async\"  src=\"https:\/\/a.allegroimg.com\/original\/11c3be\/4957244b489a9973b4dad15c492c\/ROWER-GORSKI-MTB-TRU-2-4-SHIMANO-ROWER-24-ALUMINIOWY-BARDZO-LEKKI-GRATISY-Marka-TRU\" srcset=\"https:\/\/a.allegroimg.com\/original\/11c3be\/4957244b489a9973b4dad15c492c\/ROWER-GORSKI-MTB-TRU-2-4-SHIMANO-ROWER-24-ALUMINIOWY-BARDZO-LEKKI-GRATISY-Marka-TRU 360w,https:\/\/a.allegroimg.com\/original\/11c3be\/4957244b489a9973b4dad15c492c\/ROWER-GORSKI-MTB-TRU-2-4-SHIMANO-ROWER-24-ALUMINIOWY-BARDZO-LEKKI-GRATISY-Marka-TRU 720w,https:\/\/a.allegroimg.com\/original\/11c3be\/4957244b489a9973b4dad15c492c\/ROWER-GORSKI-MTB-TRU-2-4-SHIMANO-ROWER-24-ALUMINIOWY-BARDZO-LEKKI-GRATISY-Marka-TRU 1024w,https:\/\/a.allegroimg.com\/original\/11c3be\/4957244b489a9973b4dad15c492c\/ROWER-GORSKI-MTB-TRU-2-4-SHIMANO-ROWER-24-ALUMINIOWY-BARDZO-LEKKI-GRATISY-Marka-TRU 1289w,https:\/\/a.allegroimg.com\/original\/11c3be\/4957244b489a9973b4dad15c492c\/ROWER-GORSKI-MTB-TRU-2-4-SHIMANO-ROWER-24-ALUMINIOWY-BARDZO-LEKKI-GRATISY-Marka-TRU 1289w\" sizes=\"100vw\" width=\"1289px\" alt=\"ROWER G\u00d3RSKI MTB TRU 2.4 SHIMANO ROWER 24 ALUMINIOWY BARDZO LEKKI GRATISY Marka TRU\" style=\"max-width: 100%; height: auto; display: block; margin: 0 auto;\"><\/div>\n<\/div>\n<\/div>\n<\/div>\n<\/div>\n<\/div>\n<div style=\"clear: both; display: block; margin: 10px 0;\">\n<div style=\"clear: both; display: block; margin: 10px 0;\">\n<div style=\"clear: both; display: block; margin: 10px 0;\">\n<h1>\u2b50\ufe0f\u2b50\ufe0fNOWY ROWER M\u0141ODZIE\u017bOWY TRU 2.4 24\u201d CALI NIEBIESKI\u2b50\ufe0f\u2b50\ufe0f<\/h1>\n<h2>Wi\u0119kszy rower, wi\u0119ksza pewno\u015b\u0107 siebie \u2013 podaruj dziecku jazd\u0119 pe\u0142n\u0105 mi\u0142o\u015bci i bezpiecze\u0144stwa.<\/h2>\n<p style=\"margin: 15px 0; line-height: 1.8; clear: both; display: block; width: 100%; float: none; position: static;\">Ka\u017cdy nastolatek chce w ko\u0144cu mie\u0107 sw\u00f3j&nbsp;\u201eprawdziwy\u201d rower \u2013 taki, kt\u00f3ry pozwoli mu jecha\u0107 szybciej, dalej i pewniej. <b>TRU 2.4 24\u201d<\/b> to <b>lekki, zwinny sprz\u0119t wa\u017c\u0105cy jedynie 12 kg<\/b>, dzi\u0119ki czemu \u0142atwo ruszy\u0107 z miejsca, utrzyma\u0107 tempo i po prostu cieszy\u0107 si\u0119 jazd\u0105. <b>Wytrzyma\u0142a, aluminiowa konstrukcja<\/b> i <b>wi\u0119ksze, 24-calowe<\/b> <b>ko\u0142a<\/b> sprawiaj\u0105, \u017ce ten rower jest gotowy na szkolne dojazdy, weekendowe wypady i wszystkie codzienne wyzwania. To \u015bwietny wyb\u00f3r dla m\u0142odych, kt\u00f3rzy chc\u0105 poczu\u0107 wolno\u015b\u0107, pr\u0119dko\u015b\u0107 i frajd\u0119 \u2013 na w\u0142asnych zasadach.<\/p>\n<p style=\"margin: 15px 0; line-height: 1.8; clear: both; display: block; width: 100%; float: none; position: static;\">\u2714\ufe0f&nbsp;<b>Rower zgodny z normami UE 100% bezpieczny dla Twojego dziecka<\/b><\/p>\n<p style=\"margin: 15px 0; line-height: 1.8; clear: both; display: block; width: 100%; float: none; position: static;\">\u2714\ufe0f<b>&nbsp;W tej ofercie kupi\u0105 Pa\u0144stwo rower dzieci\u0119cy MARKI TRU o najwy\u017cszej, jako\u015bci komponentach.<\/b><\/p>\n<p style=\"margin: 15px 0; line-height: 1.8; clear: both; display: block; width: 100%; float: none; position: static;\">\u2714\ufe0f <b>Ponadprzeci\u0119tny rower dla Waszego Dziecka, kt\u00f3ry pozwoli pokonywa\u0107 kolejne kilometry i rozwija\u0107 rowerowe umiej\u0119tno\u015bci.<\/b><\/p>\n<\/div>\n<\/div>\n<\/div>\n<div style=\"clear: both; display: block; margin: 10px 0;\">\n<div style=\"clear: both; display: block; margin: 10px 0;\">\n<div style=\"clear: both; display: block; margin: 10px 0;\">\n<div  style=\"max-width:1208px;max-height:681px\">\n<div style=\"clear: both; display: block; margin: 10px 0;\">\n<div style=\"clear: both; width: 100%; display: block; margin: 20px 0; padding: 0; float: none; position: static; text-align: center;\"><img decoding=\"async\"  src=\"https:\/\/a.allegroimg.com\/original\/11d30d\/9fb90706488692a04457d5abc452\/ROWER-GORSKI-MTB-TRU-2-4-SHIMANO-ROWER-24-ALUMINIOWY-BARDZO-LEKKI-GRATISY-Wyposazenie-dodatkowe-dzwonek-oswietlenie-stopka\" srcset=\"https:\/\/a.allegroimg.com\/original\/11d30d\/9fb90706488692a04457d5abc452\/ROWER-GORSKI-MTB-TRU-2-4-SHIMANO-ROWER-24-ALUMINIOWY-BARDZO-LEKKI-GRATISY-Wyposazenie-dodatkowe-dzwonek-oswietlenie-stopka 360w,https:\/\/a.allegroimg.com\/original\/11d30d\/9fb90706488692a04457d5abc452\/ROWER-GORSKI-MTB-TRU-2-4-SHIMANO-ROWER-24-ALUMINIOWY-BARDZO-LEKKI-GRATISY-Wyposazenie-dodatkowe-dzwonek-oswietlenie-stopka 720w,https:\/\/a.allegroimg.com\/original\/11d30d\/9fb90706488692a04457d5abc452\/ROWER-GORSKI-MTB-TRU-2-4-SHIMANO-ROWER-24-ALUMINIOWY-BARDZO-LEKKI-GRATISY-Wyposazenie-dodatkowe-dzwonek-oswietlenie-stopka 1024w,https:\/\/a.allegroimg.com\/original\/11d30d\/9fb90706488692a04457d5abc452\/ROWER-GORSKI-MTB-TRU-2-4-SHIMANO-ROWER-24-ALUMINIOWY-BARDZO-LEKKI-GRATISY-Wyposazenie-dodatkowe-dzwonek-oswietlenie-stopka 1208w,https:\/\/a.allegroimg.com\/original\/11d30d\/9fb90706488692a04457d5abc452\/ROWER-GORSKI-MTB-TRU-2-4-SHIMANO-ROWER-24-ALUMINIOWY-BARDZO-LEKKI-GRATISY-Wyposazenie-dodatkowe-dzwonek-oswietlenie-stopka 1208w\" sizes=\"100vw\" width=\"1208px\" alt=\"ROWER G\u00d3RSKI MTB TRU 2.4 SHIMANO ROWER 24 ALUMINIOWY BARDZO LEKKI GRATISY Wyposa\u017cenie dodatkowe dzwonek o\u015bwietlenie stopka\" style=\"max-width: 100%; height: auto; display: block; margin: 0 auto;\"><\/div>\n<\/div>\n<\/div>\n<\/div>\n<\/div>\n<\/div>\n<div style=\"clear: both; display: block; margin: 10px 0;\">\n<div style=\"clear: both; display: block; margin: 10px 0;\">\n<div style=\"clear: both; display: block; margin: 10px 0;\">\n<h2>\u2705Przekonaj si\u0119, jak stylowo wygl\u0105da ten rower!\u2705<\/h2>\n<p style=\"margin: 15px 0; line-height: 1.8; clear: both; display: block; width: 100%; float: none; position: static;\">Odkry\u0107 jego pe\u0142ny wygl\u0105d i przekona\u0107 si\u0119, jak \u015bwietnie b\u0119dzie si\u0119 prezentowa\u0107 podczas przeja\u017cd\u017cki twojego dziecka!<\/p>\n<h1>\u27a1\ufe0f&nbsp;Zobacz nasz film produktowy! Wystarczy skopiowa\u0107 poni\u017cszy link i wklei\u0107 go w przegl\u0105darce.<\/h1>\n<h1>https:\/\/youtu.be\/pRIlk6VwL8U<\/h1>\n<\/div>\n<\/div>\n<\/div>\n<div style=\"clear: both; display: block; margin: 10px 0;\">\n<div style=\"clear: both; display: block; margin: 10px 0;\">\n<div style=\"clear: both; display: block; margin: 10px 0;\">\n<div  style=\"max-width:2560px;max-height:271px\">\n<div style=\"clear: both; display: block; margin: 10px 0;\">\n<div style=\"clear: both; width: 100%; display: block; margin: 20px 0; padding: 0; float: none; position: static; text-align: center;\"><img decoding=\"async\"  src=\"https:\/\/a.allegroimg.com\/original\/1140f2\/87b7ca404fefa528e3c48d0c3362\/ROWER-GORSKI-MTB-TRU-2-4-SHIMANO-ROWER-24-ALUMINIOWY-BARDZO-LEKKI-GRATISY-Amortyzacja-przod\" srcset=\"https:\/\/a.allegroimg.com\/original\/1140f2\/87b7ca404fefa528e3c48d0c3362\/ROWER-GORSKI-MTB-TRU-2-4-SHIMANO-ROWER-24-ALUMINIOWY-BARDZO-LEKKI-GRATISY-Amortyzacja-przod 360w,https:\/\/a.allegroimg.com\/original\/1140f2\/87b7ca404fefa528e3c48d0c3362\/ROWER-GORSKI-MTB-TRU-2-4-SHIMANO-ROWER-24-ALUMINIOWY-BARDZO-LEKKI-GRATISY-Amortyzacja-przod 720w,https:\/\/a.allegroimg.com\/original\/1140f2\/87b7ca404fefa528e3c48d0c3362\/ROWER-GORSKI-MTB-TRU-2-4-SHIMANO-ROWER-24-ALUMINIOWY-BARDZO-LEKKI-GRATISY-Amortyzacja-przod 1024w,https:\/\/a.allegroimg.com\/original\/1140f2\/87b7ca404fefa528e3c48d0c3362\/ROWER-GORSKI-MTB-TRU-2-4-SHIMANO-ROWER-24-ALUMINIOWY-BARDZO-LEKKI-GRATISY-Amortyzacja-przod 1440w,https:\/\/a.allegroimg.com\/original\/1140f2\/87b7ca404fefa528e3c48d0c3362\/ROWER-GORSKI-MTB-TRU-2-4-SHIMANO-ROWER-24-ALUMINIOWY-BARDZO-LEKKI-GRATISY-Amortyzacja-przod 2560w\" sizes=\"100vw\" width=\"2560px\" alt=\"ROWER G\u00d3RSKI MTB TRU 2.4 SHIMANO ROWER 24 ALUMINIOWY BARDZO LEKKI GRATISY Amortyzacja prz\u00f3d\" style=\"max-width: 100%; height: auto; display: block; margin: 0 auto;\"><\/div>\n<\/div>\n<\/div>\n<\/div>\n<\/div>\n<\/div>\n<div style=\"clear: both; display: block; margin: 10px 0;\">\n<div style=\"clear: both; display: block; margin: 10px 0;\">\n<div style=\"clear: both; display: block; margin: 10px 0;\">\n<h1>\u2705 UWAGA&nbsp;\u2705<\/h1>\n<h3 style=\"color: #2c5aa0; font-size: 18px; margin: 30px 0 15px 0; font-weight: bold; clear: both; display: block; width: 100%; float: none; position: static;\">Po zakupie prosz\u0119 poda\u0107 w wiadomo\u015bci nazw\u0119 koloru wg. poni\u017cej. W przypadku nie podania nazwy koloru, zostanie wys\u0142any rower ze zdj\u0119cia g\u0142\u00f3wnego.<\/h3>\n<\/div>\n<\/div>\n<\/div>\n<div style=\"clear: both; display: block; margin: 10px 0;\">\n<div style=\"clear: both; display: block; margin: 10px 0;\">\n<div style=\"clear: both; display: block; margin: 10px 0;\">\n<div  style=\"max-width:1024px;max-height:1024px\">\n<div style=\"clear: both; display: block; margin: 10px 0;\">\n<div style=\"clear: both; width: 100%; display: block; margin: 20px 0; padding: 0; float: none; position: static; text-align: center;\"><img decoding=\"async\"  src=\"https:\/\/a.allegroimg.com\/original\/11da3b\/8d18f6b3459ba2074fcb1df68464\/ROWER-GORSKI-MTB-TRU-2-4-SHIMANO-ROWER-24-ALUMINIOWY-BARDZO-LEKKI-GRATISY-Stan-opakowania-oryginalne\" srcset=\"https:\/\/a.allegroimg.com\/original\/11da3b\/8d18f6b3459ba2074fcb1df68464\/ROWER-GORSKI-MTB-TRU-2-4-SHIMANO-ROWER-24-ALUMINIOWY-BARDZO-LEKKI-GRATISY-Stan-opakowania-oryginalne 360w,https:\/\/a.allegroimg.com\/original\/11da3b\/8d18f6b3459ba2074fcb1df68464\/ROWER-GORSKI-MTB-TRU-2-4-SHIMANO-ROWER-24-ALUMINIOWY-BARDZO-LEKKI-GRATISY-Stan-opakowania-oryginalne 720w,https:\/\/a.allegroimg.com\/original\/11da3b\/8d18f6b3459ba2074fcb1df68464\/ROWER-GORSKI-MTB-TRU-2-4-SHIMANO-ROWER-24-ALUMINIOWY-BARDZO-LEKKI-GRATISY-Stan-opakowania-oryginalne 1024w,https:\/\/a.allegroimg.com\/original\/11da3b\/8d18f6b3459ba2074fcb1df68464\/ROWER-GORSKI-MTB-TRU-2-4-SHIMANO-ROWER-24-ALUMINIOWY-BARDZO-LEKKI-GRATISY-Stan-opakowania-oryginalne 1024w\" sizes=\"(min-width: 1200px) 560px, (min-width: 992px) 50vw, 100vw\" width=\"1024px\" alt=\"ROWER G\u00d3RSKI MTB TRU 2.4 SHIMANO ROWER 24 ALUMINIOWY BARDZO LEKKI GRATISY Stan opakowania oryginalne\" style=\"max-width: 100%; height: auto; display: block; margin: 0 auto;\"><\/div>\n<\/div>\n<\/div>\n<\/div>\n<\/div>\n<div style=\"clear: both; display: block; margin: 10px 0;\">\n<div style=\"clear: both; display: block; margin: 10px 0;\">\n<h2>\u27a1\ufe0f niebieski &#8211; 4115<\/h2>\n<\/div>\n<\/div>\n<\/div>\n<div style=\"clear: both; display: block; margin: 10px 0;\">\n<div style=\"clear: both; display: block; margin: 10px 0;\">\n<div style=\"clear: both; display: block; margin: 10px 0;\">\n<div  style=\"max-width:1024px;max-height:1024px\">\n<div style=\"clear: both; display: block; margin: 10px 0;\">\n<div style=\"clear: both; width: 100%; display: block; margin: 20px 0; padding: 0; float: none; position: static; text-align: center;\"><img decoding=\"async\"  src=\"https:\/\/a.allegroimg.com\/original\/116a95\/a968dec14c59a67349ed30a6f2ad\/ROWER-GORSKI-MTB-TRU-2-4-SHIMANO-ROWER-24-ALUMINIOWY-BARDZO-LEKKI-GRATISY-Stopien-zlozenia-wstepnie-zlozony-wyregulowany\" srcset=\"https:\/\/a.allegroimg.com\/original\/116a95\/a968dec14c59a67349ed30a6f2ad\/ROWER-GORSKI-MTB-TRU-2-4-SHIMANO-ROWER-24-ALUMINIOWY-BARDZO-LEKKI-GRATISY-Stopien-zlozenia-wstepnie-zlozony-wyregulowany 360w,https:\/\/a.allegroimg.com\/original\/116a95\/a968dec14c59a67349ed30a6f2ad\/ROWER-GORSKI-MTB-TRU-2-4-SHIMANO-ROWER-24-ALUMINIOWY-BARDZO-LEKKI-GRATISY-Stopien-zlozenia-wstepnie-zlozony-wyregulowany 720w,https:\/\/a.allegroimg.com\/original\/116a95\/a968dec14c59a67349ed30a6f2ad\/ROWER-GORSKI-MTB-TRU-2-4-SHIMANO-ROWER-24-ALUMINIOWY-BARDZO-LEKKI-GRATISY-Stopien-zlozenia-wstepnie-zlozony-wyregulowany 1024w,https:\/\/a.allegroimg.com\/original\/116a95\/a968dec14c59a67349ed30a6f2ad\/ROWER-GORSKI-MTB-TRU-2-4-SHIMANO-ROWER-24-ALUMINIOWY-BARDZO-LEKKI-GRATISY-Stopien-zlozenia-wstepnie-zlozony-wyregulowany 1024w\" sizes=\"(min-width: 1200px) 560px, (min-width: 992px) 50vw, 100vw\" width=\"1024px\" alt=\"ROWER G\u00d3RSKI MTB TRU 2.4 SHIMANO ROWER 24 ALUMINIOWY BARDZO LEKKI GRATISY Stopie\u0144 z\u0142o\u017cenia wst\u0119pnie z\u0142o\u017cony, wyregulowany\" style=\"max-width: 100%; height: auto; display: block; margin: 0 auto;\"><\/div>\n<\/div>\n<\/div>\n<\/div>\n<\/div>\n<div style=\"clear: both; display: block; margin: 10px 0;\">\n<div style=\"clear: both; display: block; margin: 10px 0;\">\n<h2>\u27a1\ufe0f czarny &#8211; 8188<\/h2>\n<\/div>\n<\/div>\n<\/div>\n<div style=\"clear: both; display: block; margin: 10px 0;\">\n<div style=\"clear: both; display: block; margin: 10px 0;\">\n<div style=\"clear: both; display: block; margin: 10px 0;\">\n<div  style=\"max-width:1024px;max-height:1024px\">\n<div style=\"clear: both; display: block; margin: 10px 0;\">\n<div style=\"clear: both; width: 100%; display: block; margin: 20px 0; padding: 0; float: none; position: static; text-align: center;\"><img decoding=\"async\"  src=\"https:\/\/a.allegroimg.com\/original\/11692c\/2e8eae9b49ea84fcdaf7b48ba058\/ROWER-GORSKI-MTB-TRU-2-4-SHIMANO-ROWER-24-ALUMINIOWY-BARDZO-LEKKI-GRATISY-Waga-12-kg\" srcset=\"https:\/\/a.allegroimg.com\/original\/11692c\/2e8eae9b49ea84fcdaf7b48ba058\/ROWER-GORSKI-MTB-TRU-2-4-SHIMANO-ROWER-24-ALUMINIOWY-BARDZO-LEKKI-GRATISY-Waga-12-kg 360w,https:\/\/a.allegroimg.com\/original\/11692c\/2e8eae9b49ea84fcdaf7b48ba058\/ROWER-GORSKI-MTB-TRU-2-4-SHIMANO-ROWER-24-ALUMINIOWY-BARDZO-LEKKI-GRATISY-Waga-12-kg 720w,https:\/\/a.allegroimg.com\/original\/11692c\/2e8eae9b49ea84fcdaf7b48ba058\/ROWER-GORSKI-MTB-TRU-2-4-SHIMANO-ROWER-24-ALUMINIOWY-BARDZO-LEKKI-GRATISY-Waga-12-kg 1024w,https:\/\/a.allegroimg.com\/original\/11692c\/2e8eae9b49ea84fcdaf7b48ba058\/ROWER-GORSKI-MTB-TRU-2-4-SHIMANO-ROWER-24-ALUMINIOWY-BARDZO-LEKKI-GRATISY-Waga-12-kg 1024w\" sizes=\"(min-width: 1200px) 560px, (min-width: 992px) 50vw, 100vw\" width=\"1024px\" alt=\"ROWER G\u00d3RSKI MTB TRU 2.4 SHIMANO ROWER 24 ALUMINIOWY BARDZO LEKKI GRATISY Waga 12 kg\" style=\"max-width: 100%; height: auto; display: block; margin: 0 auto;\"><\/div>\n<\/div>\n<\/div>\n<\/div>\n<\/div>\n<div style=\"clear: both; display: block; margin: 10px 0;\">\n<div style=\"clear: both; display: block; margin: 10px 0;\">\n<p style=\"margin: 15px 0; line-height: 1.8; clear: both; display: block; width: 100%; float: none; position: static;\"><b>Shimano<\/b>&nbsp;od wielu lat pozostaje numerem jeden w \u015bwiecie rower\u00f3w.<\/p>\n<p style=\"margin: 15px 0; line-height: 1.8; clear: both; display: block; width: 100%; float: none; position: static;\">Ta&nbsp;<b>japo\u0144ska marka<\/b>&nbsp;od lat cieszy si\u0119 zaufaniem zar\u00f3wno profesjonalist\u00f3w, jak i os\u00f3b, kt\u00f3re po prostu lubi\u0105 je\u017adzi\u0107 na rowerze.<\/p>\n<h3 style=\"color: #2c5aa0; font-size: 18px; margin: 30px 0 15px 0; font-weight: bold; clear: both; display: block; width: 100%; float: none; position: static;\">Shimano to gwarancja sprz\u0119tu, kt\u00f3remu mo\u017cna zaufa\u0107.<\/h3>\n<\/div>\n<\/div>\n<\/div>\n<div style=\"clear: both; display: block; margin: 10px 0;\">\n<div style=\"clear: both; display: block; margin: 10px 0;\">\n<div style=\"clear: both; display: block; margin: 10px 0;\">\n<div  style=\"max-width:804px;max-height:909px\">\n<div style=\"clear: both; display: block; margin: 10px 0;\">\n<div style=\"clear: both; width: 100%; display: block; margin: 20px 0; padding: 0; float: none; position: static; text-align: center;\"><img decoding=\"async\"  src=\"https:\/\/a.allegroimg.com\/original\/113f36\/9fd8f5ac4deaac7bebd008657ed1\/ROWER-GORSKI-MTB-TRU-2-4-SHIMANO-ROWER-24-ALUMINIOWY-BARDZO-LEKKI-GRATISY-Rozmiar-ramy-12-cali\" srcset=\"https:\/\/a.allegroimg.com\/original\/113f36\/9fd8f5ac4deaac7bebd008657ed1\/ROWER-GORSKI-MTB-TRU-2-4-SHIMANO-ROWER-24-ALUMINIOWY-BARDZO-LEKKI-GRATISY-Rozmiar-ramy-12-cali 318w,https:\/\/a.allegroimg.com\/original\/113f36\/9fd8f5ac4deaac7bebd008657ed1\/ROWER-GORSKI-MTB-TRU-2-4-SHIMANO-ROWER-24-ALUMINIOWY-BARDZO-LEKKI-GRATISY-Rozmiar-ramy-12-cali 636w,https:\/\/a.allegroimg.com\/original\/113f36\/9fd8f5ac4deaac7bebd008657ed1\/ROWER-GORSKI-MTB-TRU-2-4-SHIMANO-ROWER-24-ALUMINIOWY-BARDZO-LEKKI-GRATISY-Rozmiar-ramy-12-cali 804w,https:\/\/a.allegroimg.com\/original\/113f36\/9fd8f5ac4deaac7bebd008657ed1\/ROWER-GORSKI-MTB-TRU-2-4-SHIMANO-ROWER-24-ALUMINIOWY-BARDZO-LEKKI-GRATISY-Rozmiar-ramy-12-cali 804w\" sizes=\"100vw\" width=\"804px\" alt=\"ROWER G\u00d3RSKI MTB TRU 2.4 SHIMANO ROWER 24 ALUMINIOWY BARDZO LEKKI GRATISY Rozmiar ramy 12 cali\" style=\"max-width: 100%; height: auto; display: block; margin: 0 auto;\"><\/div>\n<\/div>\n<\/div>\n<\/div>\n<\/div>\n<\/div>\n<div style=\"clear: both; display: block; margin: 10px 0;\">\n<div style=\"clear: both; display: block; margin: 10px 0;\">\n<div style=\"clear: both; display: block; margin: 10px 0;\">\n<h2>\u2705&nbsp;&nbsp;<\/p>\n","protected":false},"excerpt":{"rendered":"<p>ROWER G\u00d3RSKI MTB TRU 2.4 SHIMANO ROWER 24 ALUMINIOWY BARDZO LEKKI GRATISY<\/p>\n<p>TRU MS 24 wsp\u00f3lnyekaspar<\/p>\n<p>\u2705&nbsp;GRATISY!!!&nbsp;GRATISY!!!&nbsp;GRATISY!!!&nbsp;\u2705&nbsp;&nbsp;<\/p>\n<p>JAKO GRATIS OTRZYMUJESZ !!!<\/p>\n<p>\u27a1\ufe0f Stopk\u0119 boczn\u0105<\/p>\n<p>\u27a1\ufe0f O\u015bwietlenie Bateryjne prz\u00f3d ty\u0142<\/p>\n<p>\u2b50\ufe0f\u2b50\ufe0fNOWY ROWER M\u0141ODZIE\u017bOWY TRU 2.4 24\u201d CALI NIEBIESKI\u2b50\ufe0f\u2b50\ufe0f<\/p>\n<p>Wi\u0119kszy rower, wi\u0119ksza pewno\u015b\u0107 siebie \u2013 podaruj dziecku jazd\u0119 pe\u0142n\u0105 mi\u0142o\u015bci i bezpiecze\u0144stwa.<\/p>\n","protected":false},"featured_media":14293,"template":"","meta":{"_uag_custom_page_level_css":""},"product_brand":[710],"product_cat":[706,688,687],"product_tag":[],"class_list":{"0":"post-14292","1":"product","2":"type-product","3":"status-publish","4":"has-post-thumbnail","6":"product_brand-tru","7":"product_cat-junior","8":"product_cat-rowery","9":"product_cat-rowery-i-akcesoria","11":"first","12":"instock","13":"sale","14":"shipping-taxable","15":"purchasable","16":"product-type-simple"},"uagb_featured_image_src":{"full":["https:\/\/torvaniq.shop\/ro64\/wp-content\/uploads\/2026\/02\/allegro-image-14292.jpg",1612,1612,false],"thumbnail":["https:\/\/torvaniq.shop\/ro64\/wp-content\/uploads\/2026\/02\/allegro-image-14292-150x150.jpg",150,150,true],"medium":["https:\/\/torvaniq.shop\/ro64\/wp-content\/uploads\/2026\/02\/allegro-image-14292-300x300.jpg",300,300,true],"medium_large":["https:\/\/torvaniq.shop\/ro64\/wp-content\/uploads\/2026\/02\/allegro-image-14292-768x768.jpg",768,768,true],"large":["https:\/\/torvaniq.shop\/ro64\/wp-content\/uploads\/2026\/02\/allegro-image-14292-1024x1024.jpg",1024,1024,true],"1536x1536":["https:\/\/torvaniq.shop\/ro64\/wp-content\/uploads\/2026\/02\/allegro-image-14292-1536x1536.jpg",1536,1536,true],"2048x2048":["https:\/\/torvaniq.shop\/ro64\/wp-content\/uploads\/2026\/02\/allegro-image-14292.jpg",1612,1612,false],"woocommerce_thumbnail":["https:\/\/torvaniq.shop\/ro64\/wp-content\/uploads\/2026\/02\/allegro-image-14292-300x300.jpg",300,300,true],"woocommerce_single":["https:\/\/torvaniq.shop\/ro64\/wp-content\/uploads\/2026\/02\/allegro-image-14292-600x600.jpg",600,600,true],"woocommerce_gallery_thumbnail":["https:\/\/torvaniq.shop\/ro64\/wp-content\/uploads\/2026\/02\/allegro-image-14292-100x100.jpg",100,100,true]},"uagb_author_info":{"display_name":"admin","author_link":"https:\/\/torvaniq.shop\/ro64\/author\/"},"uagb_comment_info":0,"uagb_excerpt":"ROWER G\u00d3RSKI MTB TRU 2.4 SHIMANO ROWER 24 ALUMINIOWY BARDZO LEKKI GRATISY TRU MS 24 wsp\u00f3lnyekaspar \u2705&nbsp;GRATISY!!!&nbsp;GRATISY!!!&nbsp;GRATISY!!!&nbsp;\u2705&nbsp;&nbsp; JAKO GRATIS OTRZYMUJESZ !!! \u27a1\ufe0f Stopk\u0119 boczn\u0105 \u27a1\ufe0f O\u015bwietlenie Bateryjne prz\u00f3d ty\u0142 \u2b50\ufe0f\u2b50\ufe0fNOWY ROWER M\u0141ODZIE\u017bOWY TRU 2.4 24\u201d CALI NIEBIESKI\u2b50\ufe0f\u2b50\ufe0f Wi\u0119kszy rower, wi\u0119ksza pewno\u015b\u0107 siebie \u2013 podaruj dziecku jazd\u0119 pe\u0142n\u0105 mi\u0142o\u015bci i bezpiecze\u0144stwa.","_links":{"self":[{"href":"https:\/\/torvaniq.shop\/ro64\/wp-json\/wp\/v2\/product\/14292","targetHints":{"allow":["GET"]}}],"collection":[{"href":"https:\/\/torvaniq.shop\/ro64\/wp-json\/wp\/v2\/product"}],"about":[{"href":"https:\/\/torvaniq.shop\/ro64\/wp-json\/wp\/v2\/types\/product"}],"wp:featuredmedia":[{"embeddable":true,"href":"https:\/\/torvaniq.shop\/ro64\/wp-json\/wp\/v2\/media\/14293"}],"wp:attachment":[{"href":"https:\/\/torvaniq.shop\/ro64\/wp-json\/wp\/v2\/media?parent=14292"}],"wp:term":[{"taxonomy":"product_brand","embeddable":true,"href":"https:\/\/torvaniq.shop\/ro64\/wp-json\/wp\/v2\/product_brand?post=14292"},{"taxonomy":"product_cat","embeddable":true,"href":"https:\/\/torvaniq.shop\/ro64\/wp-json\/wp\/v2\/product_cat?post=14292"},{"taxonomy":"product_tag","embeddable":true,"href":"https:\/\/torvaniq.shop\/ro64\/wp-json\/wp\/v2\/product_tag?post=14292"}],"curies":[{"name":"wp","href":"https:\/\/api.w.org\/{rel}","templated":true}]}}